{"id":3127,"date":"2020-09-01T09:57:38","date_gmt":"2020-09-01T07:57:38","guid":{"rendered":"https:\/\/filharmonia.digital\/home\/"},"modified":"2022-11-25T11:22:41","modified_gmt":"2022-11-25T10:22:41","slug":"home","status":"publish","type":"page","link":"https:\/\/filharmonia.digital\/ca\/","title":{"rendered":"Benvinguts a la Filharmonia\/dh"},"content":{"rendered":"<div>La plataforma Filharmonia\/dh porta la m\u00fasica simf\u00f2nica a tots els racons del m\u00f3n.<\/div>\n<div><\/div>\n<div>Els concerts de la Franz Schubert Filharmonia s\u2019emeten des del Palau de la M\u00fasica Catalana de Barcelona, presentant grans obres de la hist\u00f2ria de la m\u00fasica interpretades per artistes de renom internacional.<\/div>\n<div><\/div>\n<div>La Subscripci\u00f3 us permet gaudir de tots els concerts en directe i de tota la biblioteca.<\/div>\n","protected":false},"excerpt":{"rendered":"<p>La plataforma Filharmonia\/dh porta la m\u00fasica simf\u00f2nica a tots els racons del m\u00f3n. Els concerts de la Franz Schubert Filharmonia s\u2019emeten des del Palau de la M\u00fasica Catalana de Barcelona, presentant grans obres de la hist\u00f2ria de la m\u00fasica interpretades per artistes de renom internacional. La Subscripci\u00f3 us permet gaudir de tots els concerts en [&hellip;]<\/p>\n","protected":false},"author":1,"featured_media":3043,"parent":0,"menu_order":0,"comment_status":"closed","ping_status":"closed","template":"","meta":{"_acf_changed":false,"inline_featured_image":false,"footnotes":""},"class_list":["post-3127","page","type-page","status-publish","has-post-thumbnail","hentry"],"acf":[],"yoast_head":"<!-- This site is optimized with the Yoast SEO plugin v25.6 - https:\/\/yoast.com\/wordpress\/plugins\/seo\/ -->\n<title>Filharmonia\/dh - Franz Schubert Filharmonia des del Palau de la M\u00fasica<\/title>\n<meta name=\"description\" content=\"Des del Palau de la M\u00fasica Catalana de Barcelona, la Franz Schubert Filharmonia ofereix en streaming els seus concerts...\" \/>\n<meta name=\"robots\" content=\"index, follow, max-snippet:-1, max-image-preview:large, max-video-preview:-1\" \/>\n<link rel=\"canonical\" href=\"https:\/\/filharmonia.digital\/ca\/\" \/>\n<meta property=\"og:locale\" content=\"ca_ES\" \/>\n<meta property=\"og:type\" content=\"article\" \/>\n<meta property=\"og:title\" content=\"Filharmonia\/dh - Franz Schubert Filharmonia des del Palau de la M\u00fasica\" \/>\n<meta property=\"og:description\" content=\"Des del Palau de la M\u00fasica Catalana de Barcelona, la Franz Schubert Filharmonia ofereix en streaming els seus concerts...\" \/>\n<meta property=\"og:url\" content=\"https:\/\/filharmonia.digital\/ca\/\" \/>\n<meta property=\"og:site_name\" content=\"Filharmonia Digital Hall\" \/>\n<meta property=\"article:publisher\" content=\"https:\/\/www.facebook.com\/fschubertfilh\/\" \/>\n<meta property=\"article:modified_time\" content=\"2022-11-25T10:22:41+00:00\" \/>\n<meta property=\"og:image\" content=\"https:\/\/filharmonia.digital\/wp-content\/uploads\/2020\/09\/we-play-music-wherever-you-are-ocm-digital-hall.jpg\" \/>\n\t<meta property=\"og:image:width\" content=\"1920\" \/>\n\t<meta property=\"og:image:height\" content=\"530\" \/>\n\t<meta property=\"og:image:type\" content=\"image\/jpeg\" \/>\n<meta name=\"twitter:card\" content=\"summary_large_image\" \/>\n<meta name=\"twitter:site\" content=\"@fschubertfilh\" \/>\n<meta name=\"twitter:label1\" content=\"Est. reading time\" \/>\n\t<meta name=\"twitter:data1\" content=\"1 minute\" \/>\n<script type=\"application\/ld+json\" class=\"yoast-schema-graph\">{\"@context\":\"https:\/\/schema.org\",\"@graph\":[{\"@type\":\"WebPage\",\"@id\":\"https:\/\/filharmonia.digital\/ca\/\",\"url\":\"https:\/\/filharmonia.digital\/ca\/\",\"name\":\"Filharmonia\/dh - Franz Schubert Filharmonia des del Palau de la M\u00fasica\",\"isPartOf\":{\"@id\":\"https:\/\/filharmonia.digital\/ca\/#website\"},\"primaryImageOfPage\":{\"@id\":\"https:\/\/filharmonia.digital\/ca\/#primaryimage\"},\"image\":{\"@id\":\"https:\/\/filharmonia.digital\/ca\/#primaryimage\"},\"thumbnailUrl\":\"https:\/\/filharmonia.digital\/wp-content\/uploads\/2020\/09\/we-play-music-wherever-you-are-ocm-digital-hall.jpg\",\"datePublished\":\"2020-09-01T07:57:38+00:00\",\"dateModified\":\"2022-11-25T10:22:41+00:00\",\"description\":\"Des del Palau de la M\u00fasica Catalana de Barcelona, la Franz Schubert Filharmonia ofereix en streaming els seus concerts...\",\"breadcrumb\":{\"@id\":\"https:\/\/filharmonia.digital\/ca\/#breadcrumb\"},\"inLanguage\":\"ca\",\"potentialAction\":[{\"@type\":\"ReadAction\",\"target\":[\"https:\/\/filharmonia.digital\/ca\/\"]}]},{\"@type\":\"ImageObject\",\"inLanguage\":\"ca\",\"@id\":\"https:\/\/filharmonia.digital\/ca\/#primaryimage\",\"url\":\"https:\/\/filharmonia.digital\/wp-content\/uploads\/2020\/09\/we-play-music-wherever-you-are-ocm-digital-hall.jpg\",\"contentUrl\":\"https:\/\/filharmonia.digital\/wp-content\/uploads\/2020\/09\/we-play-music-wherever-you-are-ocm-digital-hall.jpg\",\"width\":1920,\"height\":530},{\"@type\":\"BreadcrumbList\",\"@id\":\"https:\/\/filharmonia.digital\/ca\/#breadcrumb\",\"itemListElement\":[{\"@type\":\"ListItem\",\"position\":1,\"name\":\"Home\",\"item\":\"https:\/\/filharmonia.digital\/ca\/\"},{\"@type\":\"ListItem\",\"position\":2,\"name\":\"Benvinguts a la Filharmonia\/dh\"}]},{\"@type\":\"WebSite\",\"@id\":\"https:\/\/filharmonia.digital\/ca\/#website\",\"url\":\"https:\/\/filharmonia.digital\/ca\/\",\"name\":\"Filharmonia Digital Hall\",\"description\":\"\",\"publisher\":{\"@id\":\"https:\/\/filharmonia.digital\/ca\/#organization\"},\"potentialAction\":[{\"@type\":\"SearchAction\",\"target\":{\"@type\":\"EntryPoint\",\"urlTemplate\":\"https:\/\/filharmonia.digital\/ca\/?s={search_term_string}\"},\"query-input\":{\"@type\":\"PropertyValueSpecification\",\"valueRequired\":true,\"valueName\":\"search_term_string\"}}],\"inLanguage\":\"ca\"},{\"@type\":\"Organization\",\"@id\":\"https:\/\/filharmonia.digital\/ca\/#organization\",\"name\":\"Filharmonia\/dh\",\"url\":\"https:\/\/filharmonia.digital\/ca\/\",\"logo\":{\"@type\":\"ImageObject\",\"inLanguage\":\"ca\",\"@id\":\"https:\/\/filharmonia.digital\/ca\/#\/schema\/logo\/image\/\",\"url\":\"https:\/\/filharmonia.digital\/wp-content\/uploads\/2021\/09\/filharmonia-logo_desktop.svg\",\"contentUrl\":\"https:\/\/filharmonia.digital\/wp-content\/uploads\/2021\/09\/filharmonia-logo_desktop.svg\",\"width\":100,\"height\":100,\"caption\":\"Filharmonia\/dh\"},\"image\":{\"@id\":\"https:\/\/filharmonia.digital\/ca\/#\/schema\/logo\/image\/\"},\"sameAs\":[\"https:\/\/www.facebook.com\/fschubertfilh\/\",\"https:\/\/x.com\/fschubertfilh\",\"https:\/\/www.instagram.com\/fschubertfilh\/\",\"https:\/\/www.linkedin.com\/company\/42889654\",\"https:\/\/www.youtube.com\/orquestraOCM\"]}]}<\/script>\n<!-- \/ Yoast SEO plugin. -->","yoast_head_json":{"title":"Filharmonia\/dh - Franz Schubert Filharmonia des del Palau de la M\u00fasica","description":"Des del Palau de la M\u00fasica Catalana de Barcelona, la Franz Schubert Filharmonia ofereix en streaming els seus concerts...","robots":{"index":"index","follow":"follow","max-snippet":"max-snippet:-1","max-image-preview":"max-image-preview:large","max-video-preview":"max-video-preview:-1"},"canonical":"https:\/\/filharmonia.digital\/ca\/","og_locale":"ca_ES","og_type":"article","og_title":"Filharmonia\/dh - Franz Schubert Filharmonia des del Palau de la M\u00fasica","og_description":"Des del Palau de la M\u00fasica Catalana de Barcelona, la Franz Schubert Filharmonia ofereix en streaming els seus concerts...","og_url":"https:\/\/filharmonia.digital\/ca\/","og_site_name":"Filharmonia Digital Hall","article_publisher":"https:\/\/www.facebook.com\/fschubertfilh\/","article_modified_time":"2022-11-25T10:22:41+00:00","og_image":[{"width":1920,"height":530,"url":"https:\/\/filharmonia.digital\/wp-content\/uploads\/2020\/09\/we-play-music-wherever-you-are-ocm-digital-hall.jpg","type":"image\/jpeg"}],"twitter_card":"summary_large_image","twitter_site":"@fschubertfilh","twitter_misc":{"Est. reading time":"1 minute"},"schema":{"@context":"https:\/\/schema.org","@graph":[{"@type":"WebPage","@id":"https:\/\/filharmonia.digital\/ca\/","url":"https:\/\/filharmonia.digital\/ca\/","name":"Filharmonia\/dh - Franz Schubert Filharmonia des del Palau de la M\u00fasica","isPartOf":{"@id":"https:\/\/filharmonia.digital\/ca\/#website"},"primaryImageOfPage":{"@id":"https:\/\/filharmonia.digital\/ca\/#primaryimage"},"image":{"@id":"https:\/\/filharmonia.digital\/ca\/#primaryimage"},"thumbnailUrl":"https:\/\/filharmonia.digital\/wp-content\/uploads\/2020\/09\/we-play-music-wherever-you-are-ocm-digital-hall.jpg","datePublished":"2020-09-01T07:57:38+00:00","dateModified":"2022-11-25T10:22:41+00:00","description":"Des del Palau de la M\u00fasica Catalana de Barcelona, la Franz Schubert Filharmonia ofereix en streaming els seus concerts...","breadcrumb":{"@id":"https:\/\/filharmonia.digital\/ca\/#breadcrumb"},"inLanguage":"ca","potentialAction":[{"@type":"ReadAction","target":["https:\/\/filharmonia.digital\/ca\/"]}]},{"@type":"ImageObject","inLanguage":"ca","@id":"https:\/\/filharmonia.digital\/ca\/#primaryimage","url":"https:\/\/filharmonia.digital\/wp-content\/uploads\/2020\/09\/we-play-music-wherever-you-are-ocm-digital-hall.jpg","contentUrl":"https:\/\/filharmonia.digital\/wp-content\/uploads\/2020\/09\/we-play-music-wherever-you-are-ocm-digital-hall.jpg","width":1920,"height":530},{"@type":"BreadcrumbList","@id":"https:\/\/filharmonia.digital\/ca\/#breadcrumb","itemListElement":[{"@type":"ListItem","position":1,"name":"Home","item":"https:\/\/filharmonia.digital\/ca\/"},{"@type":"ListItem","position":2,"name":"Benvinguts a la Filharmonia\/dh"}]},{"@type":"WebSite","@id":"https:\/\/filharmonia.digital\/ca\/#website","url":"https:\/\/filharmonia.digital\/ca\/","name":"Filharmonia Digital Hall","description":"","publisher":{"@id":"https:\/\/filharmonia.digital\/ca\/#organization"},"potentialAction":[{"@type":"SearchAction","target":{"@type":"EntryPoint","urlTemplate":"https:\/\/filharmonia.digital\/ca\/?s={search_term_string}"},"query-input":{"@type":"PropertyValueSpecification","valueRequired":true,"valueName":"search_term_string"}}],"inLanguage":"ca"},{"@type":"Organization","@id":"https:\/\/filharmonia.digital\/ca\/#organization","name":"Filharmonia\/dh","url":"https:\/\/filharmonia.digital\/ca\/","logo":{"@type":"ImageObject","inLanguage":"ca","@id":"https:\/\/filharmonia.digital\/ca\/#\/schema\/logo\/image\/","url":"https:\/\/filharmonia.digital\/wp-content\/uploads\/2021\/09\/filharmonia-logo_desktop.svg","contentUrl":"https:\/\/filharmonia.digital\/wp-content\/uploads\/2021\/09\/filharmonia-logo_desktop.svg","width":100,"height":100,"caption":"Filharmonia\/dh"},"image":{"@id":"https:\/\/filharmonia.digital\/ca\/#\/schema\/logo\/image\/"},"sameAs":["https:\/\/www.facebook.com\/fschubertfilh\/","https:\/\/x.com\/fschubertfilh","https:\/\/www.instagram.com\/fschubertfilh\/","https:\/\/www.linkedin.com\/company\/42889654","https:\/\/www.youtube.com\/orquestraOCM"]}]}},"_links":{"self":[{"href":"https:\/\/filharmonia.digital\/ca\/wp-json\/wp\/v2\/pages\/3127"}],"collection":[{"href":"https:\/\/filharmonia.digital\/ca\/wp-json\/wp\/v2\/pages"}],"about":[{"href":"https:\/\/filharmonia.digital\/ca\/wp-json\/wp\/v2\/types\/page"}],"author":[{"embeddable":true,"href":"https:\/\/filharmonia.digital\/ca\/wp-json\/wp\/v2\/users\/1"}],"replies":[{"embeddable":true,"href":"https:\/\/filharmonia.digital\/ca\/wp-json\/wp\/v2\/comments?post=3127"}],"version-history":[{"count":3,"href":"https:\/\/filharmonia.digital\/ca\/wp-json\/wp\/v2\/pages\/3127\/revisions"}],"predecessor-version":[{"id":34918,"href":"https:\/\/filharmonia.digital\/ca\/wp-json\/wp\/v2\/pages\/3127\/revisions\/34918"}],"wp:featuredmedia":[{"embeddable":true,"href":"https:\/\/filharmonia.digital\/ca\/wp-json\/wp\/v2\/media\/3043"}],"wp:attachment":[{"href":"https:\/\/filharmonia.digital\/ca\/wp-json\/wp\/v2\/media?parent=3127"}],"curies":[{"name":"wp","href":"https:\/\/api.w.org\/{rel}","templated":true}]}}