{"id":4729,"date":"2020-09-01T12:03:55","date_gmt":"2020-09-01T10:03:55","guid":{"rendered":"https:\/\/filharmonia.digital\/privacy-policy\/"},"modified":"2021-10-11T11:12:25","modified_gmt":"2021-10-11T09:12:25","slug":"politica-de-privacitat","status":"publish","type":"page","link":"https:\/\/filharmonia.digital\/ca\/politica-de-privacitat\/","title":{"rendered":"Pol\u00edtica de Privacitat"},"content":{"rendered":"<p>L&#8217;informem que CAMERA MUSICAE SLU, amb domicili social al Moll de Lleida, bloc 2 oficina I, 43004 Tarragona; amb CIF.: G55709406 segons l&#8217;escriptura de Constituci\u00f3, atorgada davant el notari de Barcelona Sr. Francisco Javier Hern\u00e1ndez Alonso, amb n\u00famero de protocol 466, de data 18\/05\/2017, i inscrita al Registre de Tarragona, al volum 3019, foli 109, p\u00e0gina T51524, \u00e9s el propietari d\u2019aquesta p\u00e0gina web (www.filharmonia.digital).<\/p>\n<p>Les presents condicions generals regeixen \u00fanicament i exclusivament l\u2019\u00fas del lloc web (www.filharmonia.digital) pels \u201cusuaris\u201d que hi accedeixen. Aquestes condicions generals estan disponibles per als &#8220;usuaris&#8221; a totes i cadascuna de les p\u00e0gines del web<\/p>\n<p>L\u2019acc\u00e9s al lloc web www.filharmonia.digital implica sense reserva l\u2019acceptaci\u00f3 d\u2019aquestes condicions generals d\u2019\u00fas que l\u2019usuari afirma comprendre en la seva totalitat. El registre de l\u2019usuari en qualsevol forma d\u2019introducci\u00f3 de dades personals requereix l\u2019acceptaci\u00f3 expl\u00edcita d\u2019aquestes condicions generals.<\/p>\n<p>L\u2019usuari es compromet a no utilitzar la p\u00e0gina web, els serveis oferts per realitzar activitats contr\u00e0ries a la llei.<\/p>\n<ol>\n<li>\n<h2>Qui \u00e9s el responsable del tractament de les dades i amb qui puc contactar?<\/h2>\n<\/li>\n<\/ol>\n<p style=\"padding-left: 40px;\">Controlador de les seves dades personals en el sentit de l\u2019art. 3\/2018 de l\u2019Ag\u00e8ncia Espanyola de Protecci\u00f3 de Dades (\u201cAEPD\u201d) \u00e9s:<\/p>\n<p style=\"padding-left: 40px;\"><strong>Camera Musicae SLU<br \/>\n<\/strong>Moll de Lleida, bloc 2 oficina I<br \/>\n43004 Tarragona<br \/>\n<strong>B55709406<\/strong><\/p>\n<p style=\"padding-left: 40px;\">E-mail: <a href=\"mailto:info@filharmonia.digital\">info@filharmonia.digital<\/a><br \/>\nTel\u00e9fono: <a href=\"tel:34877020051\">+34 877 020 051<\/a><\/p>\n<ol start=\"2\">\n<li>\n<h2>Quines fonts i dades fem servir?<\/h2>\n<\/li>\n<\/ol>\n<h3 style=\"padding-left: 40px;\">2.1 Visitar el nostre lloc web<\/h3>\n<p style=\"padding-left: 40px;\">Quan visiteu la nostra p\u00e0gina web, el navegador del vostre dispositiu envia autom\u00e0ticament informaci\u00f3 al servidor del nostre lloc web. Aquesta informaci\u00f3 s\u2019emmagatzema temporalment en un anomenat fitxer de registre. Es recopila i emmagatzema la informaci\u00f3 seg\u00fcent fins que s\u2019elimina autom\u00e0ticament: adre\u00e7a IP de l\u2019ordinador sol\u00b7licitant; data i hora d\u2019acc\u00e9s; nom i URL del fitxer al qual es va accedir; p\u00e0gina web des del qual es fa l&#8217;acc\u00e9s (&#8220;URL de refer\u00e8ncia&#8221;); si escau, el motor de cerca que heu utilitzat; el navegador utilitzat; i, si s\u2019escau, el sistema operatiu de l\u2019ordinador, aix\u00ed com el nom del prove\u00efdor d\u2019acc\u00e9s.<\/p>\n<p>Les dades esmentades les tractarem amb les seg\u00fcents finalitats:<\/p>\n<ul>\n<li>garantir una connexi\u00f3 funcionant de la p\u00e0gina web<\/li>\n<li>garantir un \u00fas c\u00f2mode del nostre lloc web<\/li>\n<li>facturaci\u00f3<\/li>\n<li>avaluaci\u00f3 estad\u00edstica mitjan\u00e7ant pseud\u00f2nim per tal d\u2019optimitzar la nostra p\u00e0gina web, aix\u00ed com la qualitat i la gamma de les nostres ofertes<\/li>\n<li>avaluaci\u00f3 de la seguretat i estabilitat del sistema, i<\/li>\n<li>amb altres fins administratius<\/li>\n<\/ul>\n<p style=\"padding-left: 40px;\">La base legal per al processament de dades \u00e9s l\u2019art. 3\/2018 de l\u2019Ag\u00e8ncia Espanyola de Protecci\u00f3 de Dades (\u201cAEPD\u201d), en la mesura que es requereixi processament de dades per a la prestaci\u00f3 de la p\u00e0gina web o amb finalitats de facturaci\u00f3.<\/p>\n<p style=\"padding-left: 40px;\">Podeu oposar-vos a l\u2019an\u00e0lisi estad\u00edstica dels fitxers de registre en qualsevol moment enviant un correu electr\u00f2nic a info@ocmdigitalhall.com.<\/p>\n<p style=\"padding-left: 40px;\">Per a cada acc\u00e9s institucional, Camera Musicae SLU recopila les estad\u00edstiques seg\u00fcents, completament an\u00f2nimes, sobre la base d\u2019aquestes dades: Nombre d\u2019usuaris individuals institucionals (total \/ actiu); minuts visualitzats (total \/ mitjana per usuari individual institucional); temps d&#8217;\u00fas (total \/ mitjana per usuari individual institucional); nombre d&#8217;usuaris individuals institucionals rebutjats \/ bloquejats, \u00fas total per tipus de dispositiu (m\u00f2bil, TV, ordinador). A m\u00e9s, fem servir cookies i serveis d\u2019an\u00e0lisi quan visiteu la nnostra p\u00e0gina web.<\/p>\n<h3 style=\"padding-left: 40px;\">2.2 \u00das de la Filharmonia\/dh<\/h3>\n<p style=\"padding-left: 40px;\">A m\u00e9s, processem les dades personals que rebem de vosaltres en el transcurs de la nostra relaci\u00f3 comercial. La base legal per a aix\u00f2 \u00e9s l\u2019art. 3\/2018 de l\u2019Ag\u00e8ncia Espanyola de Protecci\u00f3 de Dades (\u201cAEPD\u201d).<\/p>\n<p style=\"padding-left: 40px;\">Per exemple, processem dades personals si ens les proporcioneu en registrar-vos com a client de la Filharmonia\/dh o com a convidat de la botiga en l\u00ednia.<\/p>\n<p style=\"padding-left: 40px;\">Camera Musicae SLU requereix les dades seg\u00fcents per a l&#8217;execuci\u00f3 i el processament dels serveis de transmissi\u00f3 oferts a la Filharmonia\/dh i les comandes a la botiga en l\u00ednia: t\u00edtol, nom complet, data de naixement, adre\u00e7a de correu electr\u00f2nic, adre\u00e7a (adre\u00e7a de facturaci\u00f3 i, si escau) , adre\u00e7a d\u2019enviament diferent), dades banc\u00e0ries o dades de la targeta de cr\u00e8dit. Quan us registreu com a client de la Filharmonia\/dh, tamb\u00e9 heu de triar una contrasenya per permetre l\u2019acc\u00e9s futur a l\u2019\u00e0rea de clients sense haver de tornar a introduir les vostres dades personals. Per als clients registrats, Camera Musicae SLU configura un compte de client en el qual s\u2019emmagatzemen les dades del client per a m\u00e9s visites de concerts a la Filharmonia\/dh o per a altres comandes. Podeu accedir, corregir i eliminar les dades all\u00e0 emmagatzemades en qualsevol moment.<\/p>\n<ol start=\"3\">\n<li>\n<h2>Amb quina finalitat i sobre quina base legal tractem les vostres dades?<\/h2>\n<\/li>\n<\/ol>\n<p style=\"padding-left: 40px;\">Tractem dades personals d\u2019acord amb el que estableix la AEPD.<\/p>\n<h3 style=\"padding-left: 40px;\">3.1 Per a l&#8217;execuci\u00f3 de contractes i mesures precontractuals Art. 3\/2018 de l\u2019Ag\u00e8ncia Espanyola de Protecci\u00f3 de Dades (\u201cAEPD\u201d).<\/h3>\n<p style=\"padding-left: 40px;\">El processament de dades de car\u00e0cter personal (art. 3\/2018 AEPD) t\u00e9 lloc per a la prestaci\u00f3 dels serveis (de transmissi\u00f3) que s\u2019ofereixen la nostra p\u00e0gina web, per al processament dels contractes de compra celebrats a la nostra botiga en l\u00ednia, per a la facturaci\u00f3, implementaci\u00f3 de contractes precontractuals mesures i per atendre les vostres consultes en relaci\u00f3 amb la nostra relaci\u00f3 comercial.<\/p>\n<p style=\"padding-left: 40px;\">Podeu trobar m\u00e9s detalls a l\u2019efecte del processament de dades en els respectius documents contractuals i els termes i condicions.<\/p>\n<h3 style=\"padding-left: 40px;\">3.2 Per interessos leg\u00edtims (art. 3\/2018 AEPD)<\/h3>\n<p style=\"padding-left: 40px;\">Si cal, processem les vostres dades m\u00e9s enll\u00e0 del compliment real del contracte per protegir els interessos leg\u00edtims de nosaltres o de tercers, per exemple en els casos seg\u00fcents:<\/p>\n<ul>\n<li>Respondre a les vostres preguntes fora d\u2019un contracte o mesures precontractuals;<\/li>\n<li>publicitat o investigaci\u00f3 de mercat i d\u2019opini\u00f3, tret que s\u2019hagi oposat a l\u2019\u00fas de les seves dades;<\/li>\n<li>funcionament i optimitzaci\u00f3 del lloc web;<\/li>\n<li>\u00fas de cookies d\u2019acord amb el seg\u00fcent;<\/li>\n<li>\u00fas de reCAPTCHA segons a continuaci\u00f3 ;<\/li>\n<li>execuci\u00f3 de reclamacions legals i defensa en conflictes legals;<\/li>\n<li>garantir la nostra seguretat i operacions de TI;<\/li>\n<li>prevenci\u00f3 i investigaci\u00f3 de delictes penals.<\/li>\n<\/ul>\n<h3>\u00a0 \u00a0 \u00a0 \u00a03.3 Sobre la base del vostre consentiment (art. 3\/2018 AEPD)<\/h3>\n<p style=\"padding-left: 40px;\">Si ens heu donat el vostre consentiment per processar dades personals amb finalitats espec\u00edfiques, aquest tractament \u00e9s l\u00edcit sobre la base del vostre consentiment. Podeu retirar el vostre consentiment en qualsevol moment. Tingueu en compte que la retirada nom\u00e9s entrar\u00e0 en vigor per al futur. La legalitat del nostre tractament basat en el vostre consentiment que va tenir lloc abans de la retirada no es veu afectada.<\/p>\n<h3 style=\"padding-left: 40px;\">3.4 Per obligacions legals (art. 3\/2018 AEPD)<\/h3>\n<p style=\"padding-left: 40px;\">A m\u00e9s, estem subjectes a diverses obligacions legals. Els objectius del processament inclouen, entre altres coses, el compliment dels terminis de conservaci\u00f3 segons la legislaci\u00f3 mercantil i fiscal.<\/p>\n<ol start=\"4\">\n<li>\n<h2>Cookies<\/h2>\n<\/li>\n<\/ol>\n<p style=\"padding-left: 40px;\">Utilitzem cookies al nostre lloc web que recopilen les vostres dades mitjan\u00e7ant pseud\u00f2nims. Les cookies s\u00f3n petits fitxers de text que genera un lloc web i que el vostre navegador d\u2019Internet emmagatzema al vostre disc dur quan visiteu el lloc web. Podeu evitar l\u2019\u00fas de cookies en qualsevol moment configurant el navegador d\u2019Internet perqu\u00e8 no accepti cookies noves (especialment cookies de tercers) o us notifiqui de cookies noves. Tamb\u00e9 podeu suprimir les galetes que ja s&#8217;han desat a la configuraci\u00f3 del navegador d&#8217;Internet. Podeu obtenir ajuda sobre com canviar la configuraci\u00f3 de les galetes a la funci\u00f3 d\u2019ajuda del navegador d\u2019Internet, per exemple. Es pot trobar m\u00e9s informaci\u00f3 sobre aix\u00f2 i sobre les cookies en general, per exemple, a http:\/\/www.allaboutcookies.org i http:\/\/www.youronlinechoices.com. Tingueu en compte que no podreu utilitzar algunes funcions de la nostra p\u00e0gina web si no accepteu cookies.<\/p>\n<p style=\"padding-left: 40px;\">Al nostre lloc web utilitzem cookies t\u00e8cnicament necess\u00e0ries, cookies d\u2019an\u00e0lisi web i cookies de seguiment amb finalitats publicit\u00e0ries:<\/p>\n<h3 style=\"padding-left: 40px;\">4.1 Cookies t\u00e8cnicament necess\u00e0ries<\/h3>\n<p style=\"padding-left: 40px;\">La majoria de les cookies que fem servir s\u00f3n t\u00e8cnicament necess\u00e0ries per permetre\u2019ns utilitzar el nostra p\u00e0gina web i els serveis que s\u2019hi ofereixen (per exemple, inici de sessi\u00f3 segur, afegir productes al carret de la compra durant el proc\u00e9s de comanda) (\u201ccookies de sessi\u00f3\u201d). El nostre leg\u00edtim inter\u00e8s pel tractament de dades rau en aquestes finalitats; la base legal \u00e9s l\u2019art. 3\/2018 AEPD. Les dades no es combinaran amb altres dades personals i no s\u2019utilitzaran amb finalitats publicit\u00e0ries. Les galetes de sessi\u00f3 s\u2019eliminen despr\u00e9s d\u2019acabar la sessi\u00f3 del navegador respectiu, com a m\u00e0xim al cap de set dies.<\/p>\n<ol start=\"5\">\n<li>\n<h2>Email marketing<\/h2>\n<\/li>\n<\/ol>\n<h3 style=\"padding-left: 40px;\">5.1 Butllet\u00ed de not\u00edcies<\/h3>\n<p style=\"padding-left: 40px;\">Si heu consentit expressament segons l\u2019art. 3\/2018 AEPD, fem servir la vostra adre\u00e7a de correu electr\u00f2nic per informar-vos al nostre butllet\u00ed per correu electr\u00f2nic sobre nosaltres, en particular sobre els nostres concerts. El vostre consentiment es registra i es pot demanar en qualsevol moment a &#8220;El vostre compte&#8221; a la Filharmonia\/dh.<\/p>\n<p style=\"padding-left: 40px;\">Per rebre el butllet\u00ed, \u00e9s suficient proporcionar una adre\u00e7a de correu electr\u00f2nic.<\/p>\n<p style=\"padding-left: 40px;\">Podeu donar-vos de baixa en qualsevol moment, per exemple a trav\u00e9s de l\u2019enlla\u00e7 al final de cada correu electr\u00f2nic. Com a alternativa, podeu enviar la vostra sol\u00b7licitud per donar-vos de baixa per correu electr\u00f2nic a info@ocmdigitalhall.com en qualsevol moment. En aquest cas, la vostra adre\u00e7a electr\u00f2nica se suprimir\u00e0 de la nostra llista de distribuci\u00f3 de correu electr\u00f2nic i s&#8217;afegir\u00e0 a la nostra llista negra. La retirada del vostre consentiment nom\u00e9s entrar\u00e0 en vigor per al futur. La legalitat de qualsevol tractament basat en el vostre consentiment realitzat abans de la retirada no es veu afectada per aix\u00f2.<\/p>\n<p style=\"padding-left: 40px;\">Seguiment de butlletins<\/p>\n<p style=\"padding-left: 40px;\">Tingueu en compte que avaluem el comportament dels destinataris dels nostres correus electr\u00f2nics mitjan\u00e7ant estad\u00edstiques d\u2019\u00fas. Amb aquesta finalitat, els correus electr\u00f2nics contenen els anomenats indicadors web o p\u00edxels i enlla\u00e7os de seguiment, que estan enlla\u00e7ats amb un identificador individual. Aix\u00ed, registrem el temps d&#8217;obertura i reenviament del correu electr\u00f2nic, aix\u00ed com el clic als enlla\u00e7os que s&#8217;hi contenen, l&#8217;adre\u00e7a IP (per determinar el pa\u00eds de recuperaci\u00f3) i el programa de correu electr\u00f2nic utilitzat. L\u2019avaluaci\u00f3 es basa en estad\u00edstiques d\u2019\u00fas (taxa d\u2019entrega, taxa d\u2019obertura, percentatge de clics, nombre de redireccions, nombre de clics als enlla\u00e7os inclosos al correu electr\u00f2nic, programes de correu electr\u00f2nic utilitzats, obertures i clics per hora i data, pa\u00eds de recuperaci\u00f3) , que podem associar a la vostra adre\u00e7a de correu electr\u00f2nic. L\u2019avaluaci\u00f3 del comportament d\u2019\u00fas serveix per comprovar l\u2019\u00e8xit del nostre m\u00e0rqueting per correu electr\u00f2nic i millorar-lo constantment. La base legal \u00e9s l\u2019art. 3\/2018 AEPD. Podeu retirar el vostre consentiment a l\u2019avaluaci\u00f3 en qualsevol moment cancel\u00b7lant la subscripci\u00f3 al butllet\u00ed (per exemple, a trav\u00e9s de l\u2019enlla\u00e7 al final de cada correu electr\u00f2nic); una retirada a\u00efllada del vostre consentiment nom\u00e9s contra l&#8217;avaluaci\u00f3 (actualment) no \u00e9s possible per motius t\u00e8cnics. Emmagatzemem les vostres dades d\u2019\u00fas fins que retireu el vostre consentiment.<\/p>\n","protected":false},"excerpt":{"rendered":"<p>L&#8217;informem que CAMERA MUSICAE SLU, amb domicili social al Moll de Lleida, bloc 2 oficina I, 43004 Tarragona; amb CIF.: G55709406 segons l&#8217;escriptura de Constituci\u00f3, atorgada davant el notari de Barcelona Sr. Francisco Javier Hern\u00e1ndez Alonso, amb n\u00famero de protocol 466, de data 18\/05\/2017, i inscrita al Registre de Tarragona, al volum 3019, foli 109, [&hellip;]<\/p>\n","protected":false},"author":1,"featured_media":0,"parent":0,"menu_order":0,"comment_status":"closed","ping_status":"closed","template":"","meta":{"_acf_changed":false,"inline_featured_image":false,"footnotes":""},"class_list":["post-4729","page","type-page","status-publish","hentry"],"acf":[],"yoast_head":"<!-- This site is optimized with the Yoast SEO plugin v25.6 - https:\/\/yoast.com\/wordpress\/plugins\/seo\/ -->\n<title>Pol\u00edtica de Privacitat - Filharmonia Digital Hall<\/title>\n<meta name=\"robots\" content=\"index, follow, max-snippet:-1, max-image-preview:large, max-video-preview:-1\" \/>\n<link rel=\"canonical\" href=\"https:\/\/filharmonia.digital\/ca\/politica-de-privacitat\/\" \/>\n<meta property=\"og:locale\" content=\"ca_ES\" \/>\n<meta property=\"og:type\" content=\"article\" \/>\n<meta property=\"og:title\" content=\"Pol\u00edtica de Privacitat - Filharmonia Digital Hall\" \/>\n<meta property=\"og:description\" content=\"L&#8217;informem que CAMERA MUSICAE SLU, amb domicili social al Moll de Lleida, bloc 2 oficina I, 43004 Tarragona; amb CIF.: G55709406 segons l&#8217;escriptura de Constituci\u00f3, atorgada davant el notari de Barcelona Sr. Francisco Javier Hern\u00e1ndez Alonso, amb n\u00famero de protocol 466, de data 18\/05\/2017, i inscrita al Registre de Tarragona, al volum 3019, foli 109, [&hellip;]\" \/>\n<meta property=\"og:url\" content=\"https:\/\/filharmonia.digital\/ca\/politica-de-privacitat\/\" \/>\n<meta property=\"og:site_name\" content=\"Filharmonia Digital Hall\" \/>\n<meta property=\"article:publisher\" content=\"https:\/\/www.facebook.com\/fschubertfilh\/\" \/>\n<meta property=\"article:modified_time\" content=\"2021-10-11T09:12:25+00:00\" \/>\n<meta name=\"twitter:card\" content=\"summary_large_image\" \/>\n<meta name=\"twitter:site\" content=\"@fschubertfilh\" \/>\n<meta name=\"twitter:label1\" content=\"Est. reading time\" \/>\n\t<meta name=\"twitter:data1\" content=\"8 minutes\" \/>\n<script type=\"application\/ld+json\" class=\"yoast-schema-graph\">{\"@context\":\"https:\/\/schema.org\",\"@graph\":[{\"@type\":\"WebPage\",\"@id\":\"https:\/\/filharmonia.digital\/ca\/politica-de-privacitat\/\",\"url\":\"https:\/\/filharmonia.digital\/ca\/politica-de-privacitat\/\",\"name\":\"Pol\u00edtica de Privacitat - Filharmonia Digital Hall\",\"isPartOf\":{\"@id\":\"https:\/\/filharmonia.digital\/ca\/#website\"},\"datePublished\":\"2020-09-01T10:03:55+00:00\",\"dateModified\":\"2021-10-11T09:12:25+00:00\",\"breadcrumb\":{\"@id\":\"https:\/\/filharmonia.digital\/ca\/politica-de-privacitat\/#breadcrumb\"},\"inLanguage\":\"ca\",\"potentialAction\":[{\"@type\":\"ReadAction\",\"target\":[\"https:\/\/filharmonia.digital\/ca\/politica-de-privacitat\/\"]}]},{\"@type\":\"BreadcrumbList\",\"@id\":\"https:\/\/filharmonia.digital\/ca\/politica-de-privacitat\/#breadcrumb\",\"itemListElement\":[{\"@type\":\"ListItem\",\"position\":1,\"name\":\"Home\",\"item\":\"https:\/\/filharmonia.digital\/ca\/\"},{\"@type\":\"ListItem\",\"position\":2,\"name\":\"Pol\u00edtica de Privacitat\"}]},{\"@type\":\"WebSite\",\"@id\":\"https:\/\/filharmonia.digital\/ca\/#website\",\"url\":\"https:\/\/filharmonia.digital\/ca\/\",\"name\":\"Filharmonia Digital Hall\",\"description\":\"\",\"publisher\":{\"@id\":\"https:\/\/filharmonia.digital\/ca\/#organization\"},\"potentialAction\":[{\"@type\":\"SearchAction\",\"target\":{\"@type\":\"EntryPoint\",\"urlTemplate\":\"https:\/\/filharmonia.digital\/ca\/?s={search_term_string}\"},\"query-input\":{\"@type\":\"PropertyValueSpecification\",\"valueRequired\":true,\"valueName\":\"search_term_string\"}}],\"inLanguage\":\"ca\"},{\"@type\":\"Organization\",\"@id\":\"https:\/\/filharmonia.digital\/ca\/#organization\",\"name\":\"Filharmonia\/dh\",\"url\":\"https:\/\/filharmonia.digital\/ca\/\",\"logo\":{\"@type\":\"ImageObject\",\"inLanguage\":\"ca\",\"@id\":\"https:\/\/filharmonia.digital\/ca\/#\/schema\/logo\/image\/\",\"url\":\"https:\/\/filharmonia.digital\/wp-content\/uploads\/2021\/09\/filharmonia-logo_desktop.svg\",\"contentUrl\":\"https:\/\/filharmonia.digital\/wp-content\/uploads\/2021\/09\/filharmonia-logo_desktop.svg\",\"width\":100,\"height\":100,\"caption\":\"Filharmonia\/dh\"},\"image\":{\"@id\":\"https:\/\/filharmonia.digital\/ca\/#\/schema\/logo\/image\/\"},\"sameAs\":[\"https:\/\/www.facebook.com\/fschubertfilh\/\",\"https:\/\/x.com\/fschubertfilh\",\"https:\/\/www.instagram.com\/fschubertfilh\/\",\"https:\/\/www.linkedin.com\/company\/42889654\",\"https:\/\/www.youtube.com\/orquestraOCM\"]}]}<\/script>\n<!-- \/ Yoast SEO plugin. -->","yoast_head_json":{"title":"Pol\u00edtica de Privacitat - Filharmonia Digital Hall","robots":{"index":"index","follow":"follow","max-snippet":"max-snippet:-1","max-image-preview":"max-image-preview:large","max-video-preview":"max-video-preview:-1"},"canonical":"https:\/\/filharmonia.digital\/ca\/politica-de-privacitat\/","og_locale":"ca_ES","og_type":"article","og_title":"Pol\u00edtica de Privacitat - Filharmonia Digital Hall","og_description":"L&#8217;informem que CAMERA MUSICAE SLU, amb domicili social al Moll de Lleida, bloc 2 oficina I, 43004 Tarragona; amb CIF.: G55709406 segons l&#8217;escriptura de Constituci\u00f3, atorgada davant el notari de Barcelona Sr. Francisco Javier Hern\u00e1ndez Alonso, amb n\u00famero de protocol 466, de data 18\/05\/2017, i inscrita al Registre de Tarragona, al volum 3019, foli 109, [&hellip;]","og_url":"https:\/\/filharmonia.digital\/ca\/politica-de-privacitat\/","og_site_name":"Filharmonia Digital Hall","article_publisher":"https:\/\/www.facebook.com\/fschubertfilh\/","article_modified_time":"2021-10-11T09:12:25+00:00","twitter_card":"summary_large_image","twitter_site":"@fschubertfilh","twitter_misc":{"Est. reading time":"8 minutes"},"schema":{"@context":"https:\/\/schema.org","@graph":[{"@type":"WebPage","@id":"https:\/\/filharmonia.digital\/ca\/politica-de-privacitat\/","url":"https:\/\/filharmonia.digital\/ca\/politica-de-privacitat\/","name":"Pol\u00edtica de Privacitat - Filharmonia Digital Hall","isPartOf":{"@id":"https:\/\/filharmonia.digital\/ca\/#website"},"datePublished":"2020-09-01T10:03:55+00:00","dateModified":"2021-10-11T09:12:25+00:00","breadcrumb":{"@id":"https:\/\/filharmonia.digital\/ca\/politica-de-privacitat\/#breadcrumb"},"inLanguage":"ca","potentialAction":[{"@type":"ReadAction","target":["https:\/\/filharmonia.digital\/ca\/politica-de-privacitat\/"]}]},{"@type":"BreadcrumbList","@id":"https:\/\/filharmonia.digital\/ca\/politica-de-privacitat\/#breadcrumb","itemListElement":[{"@type":"ListItem","position":1,"name":"Home","item":"https:\/\/filharmonia.digital\/ca\/"},{"@type":"ListItem","position":2,"name":"Pol\u00edtica de Privacitat"}]},{"@type":"WebSite","@id":"https:\/\/filharmonia.digital\/ca\/#website","url":"https:\/\/filharmonia.digital\/ca\/","name":"Filharmonia Digital Hall","description":"","publisher":{"@id":"https:\/\/filharmonia.digital\/ca\/#organization"},"potentialAction":[{"@type":"SearchAction","target":{"@type":"EntryPoint","urlTemplate":"https:\/\/filharmonia.digital\/ca\/?s={search_term_string}"},"query-input":{"@type":"PropertyValueSpecification","valueRequired":true,"valueName":"search_term_string"}}],"inLanguage":"ca"},{"@type":"Organization","@id":"https:\/\/filharmonia.digital\/ca\/#organization","name":"Filharmonia\/dh","url":"https:\/\/filharmonia.digital\/ca\/","logo":{"@type":"ImageObject","inLanguage":"ca","@id":"https:\/\/filharmonia.digital\/ca\/#\/schema\/logo\/image\/","url":"https:\/\/filharmonia.digital\/wp-content\/uploads\/2021\/09\/filharmonia-logo_desktop.svg","contentUrl":"https:\/\/filharmonia.digital\/wp-content\/uploads\/2021\/09\/filharmonia-logo_desktop.svg","width":100,"height":100,"caption":"Filharmonia\/dh"},"image":{"@id":"https:\/\/filharmonia.digital\/ca\/#\/schema\/logo\/image\/"},"sameAs":["https:\/\/www.facebook.com\/fschubertfilh\/","https:\/\/x.com\/fschubertfilh","https:\/\/www.instagram.com\/fschubertfilh\/","https:\/\/www.linkedin.com\/company\/42889654","https:\/\/www.youtube.com\/orquestraOCM"]}]}},"_links":{"self":[{"href":"https:\/\/filharmonia.digital\/ca\/wp-json\/wp\/v2\/pages\/4729"}],"collection":[{"href":"https:\/\/filharmonia.digital\/ca\/wp-json\/wp\/v2\/pages"}],"about":[{"href":"https:\/\/filharmonia.digital\/ca\/wp-json\/wp\/v2\/types\/page"}],"author":[{"embeddable":true,"href":"https:\/\/filharmonia.digital\/ca\/wp-json\/wp\/v2\/users\/1"}],"replies":[{"embeddable":true,"href":"https:\/\/filharmonia.digital\/ca\/wp-json\/wp\/v2\/comments?post=4729"}],"version-history":[{"count":0,"href":"https:\/\/filharmonia.digital\/ca\/wp-json\/wp\/v2\/pages\/4729\/revisions"}],"wp:attachment":[{"href":"https:\/\/filharmonia.digital\/ca\/wp-json\/wp\/v2\/media?parent=4729"}],"curies":[{"name":"wp","href":"https:\/\/api.w.org\/{rel}","templated":true}]}}