{"id":7867,"date":"2021-09-22T15:49:49","date_gmt":"2021-09-22T13:49:49","guid":{"rendered":"https:\/\/filharmonia.digital\/faqs\/"},"modified":"2021-10-10T14:28:32","modified_gmt":"2021-10-10T12:28:32","slug":"faqs","status":"publish","type":"page","link":"https:\/\/filharmonia.digital\/ca\/faqs\/","title":{"rendered":"FAQs"},"content":{"rendered":"<hr \/>\n<h2>1_REGISTRE<\/h2>\n<p><strong>On vaig per registrar-me?<br \/>\n<\/strong>A la p\u00e1gina de <a href=\"https:\/\/filharmonia.digital\/profile\/\">registre o login<\/a>.<\/p>\n<p><strong>No trobo el correu electr\u00f2nic per activar el meu compte.<br \/>\n<\/strong>Potser el correu t\u2019ha arribat a la carpeta de \u201cCorreu brossa\u201d (Spam). Siusplau feu un cop d\u2019ull.<br \/>\nSi no es troba a la carpeta de \u201cCorreu brossa\u201d potser has escrit el teu correu amb algun error tipogr\u00e0fic. Torna-ho a mirar i en cas d\u2019error inicieu el registre de nou.<\/p>\n<p><strong>He de registrar-me abans de subscriure\u2019m?<br \/>\n<\/strong>Si, has de registrar-te per poder adquirir una subscripci\u00f3 a la nostra plataforma.<br \/>\nAl registrar-te rebr\u00e0s un email on podr\u00e0s activar el teu compte. Una vegada activat, podr\u00e0s iniciar sessi\u00f3 i accedir a la p\u00e0gina del teu perfil d\u2019usuari.<\/p>\n<p><strong>No puc completar el formulari d\u2019inscripci\u00f3.<br \/>\n<\/strong>Comproveu que el vostre navegador estigui actualitzat a la versi\u00f3 m\u00e9s recent. El lloc est\u00e0 optimitzat per a Chrome, Firefox i Safari.<\/p>\n<p><strong>Com puc eliminar el meu compte?<\/strong><br \/>\nPodeu suprimir el vostre compte vosaltres mateixos des de la vostra sessi\u00f3 perfil que heu creat.<\/p>\n<hr \/>\n<h2>2_COMPRES<\/h2>\n<p><strong>Com puc veure la confirmaci\u00f3 de que m\u2019he subscrit amb \u00e8xit?<br \/>\n<\/strong>Podeu trobar les dades sobre les vostres subscripcions a la p\u00e0gina del vostre perfil d&#8217;usuari.<\/p>\n<p><strong>Puc rebre una factura per compra de la meva subscripci\u00f3?<br \/>\n<\/strong>Podeu demanar la factura de la vostra compra enviant un correu a <a href=\"mailto:info@filharmonia.digital\">info@filharmonia.digital<\/a>.<\/p>\n<p><strong>Puc rebre un correu electr\u00f2nic de confirmaci\u00f3 despr\u00e9s de la compra?<br \/>\n<\/strong>Si, rebr\u00e0 un correu amb la confirmaci\u00f3 que la vostra compra s&#8217;ha fet correctament. Tamb\u00e9 a la p\u00e0gina del seu perfil d&#8217;usuari trobareu la informaci\u00f3 sobre la vostra compra i l&#8217;enlla\u00e7 al tauler d&#8217;activitat.<\/p>\n<p><strong>Amb quins m\u00e8todes puc utilitzar per pagar?<br \/>\n<\/strong>Actualment la Filharmonia\/dh accepta l\u2019\u00fas de la majoria de les principals targetes de cr\u00e8dit (<em>Mastercard, VISA, American Express<\/em>).<\/p>\n<p><strong>Es transmeten dades de forma segura?<br \/>\n<\/strong>Les seves dades personals (com ara el n\u00famero de targeta de cr\u00e8dit o el n\u00famero del seu compte bancari) s\u00f3n xifrats abans de ser transferits. Les seves dades no s\u00f3n emmagatzemats per nosaltres i no s\u00f3n visibles a tercers. El xifrat converteix els car\u00e0cters que introdueix en un codi que pot transmetre amb seguretat a trav\u00e9s d&#8217;Internet.<\/p>\n<hr \/>\n<h2>3_ SUBSCRIPCI\u00d3<\/h2>\n<p><strong>Com puc subscriure&#8217;m?<\/strong><br \/>\nPer aconseguir la teva subscripci\u00f3 cal seguir tres senzills passos:<\/p>\n<ol>\n<li>Fer clicK a <a href=\"https:\/\/filharmonia.digital\/\/checkout\/?add-to-cart=7527\">SUBSCRIU-TE ARA<\/a>.<\/li>\n<li>Accedir com a usuari (si no has fet login) o crear un usuari afegint les teves dades personals. En aques pas tamb\u00e9 has d&#8217;omplir les dades de la teva tarjeta de cr\u00e9dit\/debit per fer la compra i finalment, acceptar els <em>Termes i condicions<\/em>.<\/li>\n<li>Fer click a <em>COMPRAR ARA<\/em>.<\/li>\n<\/ol>\n<p><strong>Quin \u00e9s el model de subscripci\u00f3?<\/strong><br \/>\nLa plataforma Filharmonia\/dh funciona mitjan\u00e7ant el model de subscripci\u00f3 anual amb un mes de prova gratu\u00eft que et permetr\u00e0 gaudir de tots els continguts.<br \/>\nUna vegada adquirida la subscripci\u00f3, tens acc\u00e9s a la plataforma immediatament i acceptes que si no cancel\u00b7les abans que finalitzi la meva prova, se&#8217;t cobrar\u00e0 autom\u00e0ticament la tarifa de subscripci\u00f3 anual completa, tret que cancel\u00b7lis abans de la finalitzaci\u00f3 del mes de prova. A l&#8217;enviar la meva informaci\u00f3 de pagament, confirmes que has llegit i acceptat tots els termes.<\/p>\n<p><strong>Com puc cancel\u00b7lar la meva subscripci\u00f3?<br \/>\n<\/strong>Pots cancel\u00b7lar la teva subscripci\u00f3 des del teu perfil d&#8217;usuari.<\/p>\n<hr \/>\n<h2>4_QUALITAT DE TRANSMISSI\u00d3<\/h2>\n<p><strong>Quina velocitat d&#8217;internet necessito per a Filharmonia\/dh?<br \/>\n<\/strong>Us recomanem que la vostra connexi\u00f3 sigui m\u00ednimament estable a 6 Mbps.<br \/>\nTingueu en compte que, si altres dispositius comparteixen la vostra connexi\u00f3, \u00e9s possible que facin baixades autom\u00e0tiques al mateix temps que reprodu\u00efu un v\u00eddeo des de la Filharmonia\/dh, encara que no els hagueu obert amb cap acci\u00f3. Aix\u00f2 pot provocar que el flux de v\u00eddeo de la Filharmonia\/dh no rebi prou amplada de banda per a una experi\u00e8ncia de transmissi\u00f3 estable.<\/p>\n<p><strong>La qualitat de la transmissi\u00f3 sembla variar i, a vegades, tremola o fins i tot fa pauses.<br \/>\n<\/strong>Si no hi ha cap altre dispositiu que comparteixi l&#8217;ample de banda personal, tingueu en compte que el nostre sistema comen\u00e7a cada sessi\u00f3 enviant un flux de molt baixa qualitat mentre verifica la capacitat de desc\u00e0rrega de la vostra connexi\u00f3 individual. Aix\u00f2 far\u00e0 que la imatge es vegi borrosa a les pantalles m\u00e9s grans, per\u00f2 nom\u00e9s durar\u00e0 uns segons. Un cop establert l\u2019amplada de banda de la vostra connexi\u00f3, el nostre sistema tria la variant de m\u00e0xima qualitat entre m\u00faltiples qualitats que s\u2019adapten a la vostra connexi\u00f3.<\/p>\n<p>Si es produeix un canvi en la velocitat d\u2019Internet del vostre dispositiu, el nostre sistema reduir\u00e0 la qualitat de la transmissi\u00f3 fins que noti que la velocitat d\u2019Internet \u00e9s millor. Si transmeteu el v\u00eddeo a una pantalla gran, la imatge pot semblar difusa durant aquest per\u00edode.<\/p>\n<p>Fins i tot \u00e9s possible que, mentre es reprodueix en alta qualitat, la velocitat d\u2019Internet al dispositiu es redueixi de manera inesperada, de manera tan dr\u00e0stica que el nostre servidor no pugui canviar a una qualitat inferior prou r\u00e0pidament com per mantenir un flux fluid. En aquest cas, experimentareu un parpelleig o fins i tot una pausa curta, mentre que el nostre sistema passa a una transmissi\u00f3 temporal de menor qualitat.<\/p>\n<hr \/>\n<h2>5_VISUALITZAR<\/h2>\n<p><strong>Puc gaudir dels concerts en un tel\u00e8fon intel\u00b7ligent, tauleta, ordinador o televisor?<br \/>\n<\/strong>S\u00ed, aquest s\u00f3n els dipositius complatibles:<\/p>\n<ul>\n<li>Smartphone i tauletes: ja siguin Android o iOS, amb les darreres versions de les aplicacions Safari o Google Chrome<\/li>\n<li>Ordinador: ja sigui PC o Mac, amb les darreres versions de Chrome, Firefox o Safari<\/li>\n<li>Televisior: per maximitzar la vostra experi\u00e8ncia, us recomanem veure els concerts en una gran pantalla. Podeu connectar el dispositiu m\u00f2bil a la pantalla del televisor amb Google Chromecast o Apple TV. Tamb\u00e9 podeu connectar l\u2019ordinador al televisor amb un cable HDMI<\/li>\n<\/ul>\n<p><strong>Puc trobar filharmonia digital hall en altres portals de transmissi\u00f3?<br \/>\n<\/strong>Actualment, Filharmonia\/dh \u00e9s un producte exclusiu de la Franz Schubert Filharmonia i nom\u00e9s est\u00e0 disponible a la nostra plataforma digital.<\/p>\n<hr \/>\n<h2>6_M\u00c9S PREGUNTES?<\/h2>\n<p><strong>On puc contactar per fer altres preguntes?<br \/>\n<\/strong>Pots fer qualsevol consulta a:\u00a0<a href=\"mailto:info@filharmonia.digital\">info@filharmonia.digital<\/a><\/p>\n<p><strong>Hi ha un concert de prova?<\/strong><br \/>\nPer demostrar la qualitat de la Filharmonia\/dh, oferim <a href=\"https:\/\/filharmonia.digital\/concert\/beethoven-symphony-no-5-op-67\/\">aqu\u00ed<\/a> un concert de prova. Tanmateix, pot gaudir de tots els concerts seleccionats de forma gratu\u00efta.<\/p>\n","protected":false},"excerpt":{"rendered":"<p>1_REGISTRE On vaig per registrar-me? A la p\u00e1gina de registre o login. No trobo el correu electr\u00f2nic per activar el meu compte. Potser el correu t\u2019ha arribat a la carpeta de \u201cCorreu brossa\u201d (Spam). Siusplau feu un cop d\u2019ull. Si no es troba a la carpeta de \u201cCorreu brossa\u201d potser has escrit el teu correu [&hellip;]<\/p>\n","protected":false},"author":1,"featured_media":0,"parent":0,"menu_order":0,"comment_status":"closed","ping_status":"closed","template":"","meta":{"_acf_changed":false,"inline_featured_image":false,"footnotes":""},"class_list":["post-7867","page","type-page","status-publish","hentry"],"acf":[],"yoast_head":"<!-- This site is optimized with the Yoast SEO plugin v25.6 - https:\/\/yoast.com\/wordpress\/plugins\/seo\/ -->\n<title>FAQs - Filharmonia Digital Hall<\/title>\n<meta name=\"robots\" content=\"index, follow, max-snippet:-1, max-image-preview:large, max-video-preview:-1\" \/>\n<link rel=\"canonical\" href=\"https:\/\/filharmonia.digital\/ca\/faqs\/\" \/>\n<meta property=\"og:locale\" content=\"ca_ES\" \/>\n<meta property=\"og:type\" content=\"article\" \/>\n<meta property=\"og:title\" content=\"FAQs - Filharmonia Digital Hall\" \/>\n<meta property=\"og:description\" content=\"1_REGISTRE On vaig per registrar-me? A la p\u00e1gina de registre o login. No trobo el correu electr\u00f2nic per activar el meu compte. Potser el correu t\u2019ha arribat a la carpeta de \u201cCorreu brossa\u201d (Spam). Siusplau feu un cop d\u2019ull. Si no es troba a la carpeta de \u201cCorreu brossa\u201d potser has escrit el teu correu [&hellip;]\" \/>\n<meta property=\"og:url\" content=\"https:\/\/filharmonia.digital\/ca\/faqs\/\" \/>\n<meta property=\"og:site_name\" content=\"Filharmonia Digital Hall\" \/>\n<meta property=\"article:publisher\" content=\"https:\/\/www.facebook.com\/fschubertfilh\/\" \/>\n<meta property=\"article:modified_time\" content=\"2021-10-10T12:28:32+00:00\" \/>\n<meta name=\"twitter:card\" content=\"summary_large_image\" \/>\n<meta name=\"twitter:site\" content=\"@fschubertfilh\" \/>\n<meta name=\"twitter:label1\" content=\"Est. reading time\" \/>\n\t<meta name=\"twitter:data1\" content=\"5 minutes\" \/>\n<script type=\"application\/ld+json\" class=\"yoast-schema-graph\">{\"@context\":\"https:\/\/schema.org\",\"@graph\":[{\"@type\":\"WebPage\",\"@id\":\"https:\/\/filharmonia.digital\/ca\/faqs\/\",\"url\":\"https:\/\/filharmonia.digital\/ca\/faqs\/\",\"name\":\"FAQs - Filharmonia Digital Hall\",\"isPartOf\":{\"@id\":\"https:\/\/filharmonia.digital\/ca\/#website\"},\"datePublished\":\"2021-09-22T13:49:49+00:00\",\"dateModified\":\"2021-10-10T12:28:32+00:00\",\"breadcrumb\":{\"@id\":\"https:\/\/filharmonia.digital\/ca\/faqs\/#breadcrumb\"},\"inLanguage\":\"ca\",\"potentialAction\":[{\"@type\":\"ReadAction\",\"target\":[\"https:\/\/filharmonia.digital\/ca\/faqs\/\"]}]},{\"@type\":\"BreadcrumbList\",\"@id\":\"https:\/\/filharmonia.digital\/ca\/faqs\/#breadcrumb\",\"itemListElement\":[{\"@type\":\"ListItem\",\"position\":1,\"name\":\"Home\",\"item\":\"https:\/\/filharmonia.digital\/ca\/\"},{\"@type\":\"ListItem\",\"position\":2,\"name\":\"FAQs\"}]},{\"@type\":\"WebSite\",\"@id\":\"https:\/\/filharmonia.digital\/ca\/#website\",\"url\":\"https:\/\/filharmonia.digital\/ca\/\",\"name\":\"Filharmonia Digital Hall\",\"description\":\"\",\"publisher\":{\"@id\":\"https:\/\/filharmonia.digital\/ca\/#organization\"},\"potentialAction\":[{\"@type\":\"SearchAction\",\"target\":{\"@type\":\"EntryPoint\",\"urlTemplate\":\"https:\/\/filharmonia.digital\/ca\/?s={search_term_string}\"},\"query-input\":{\"@type\":\"PropertyValueSpecification\",\"valueRequired\":true,\"valueName\":\"search_term_string\"}}],\"inLanguage\":\"ca\"},{\"@type\":\"Organization\",\"@id\":\"https:\/\/filharmonia.digital\/ca\/#organization\",\"name\":\"Filharmonia\/dh\",\"url\":\"https:\/\/filharmonia.digital\/ca\/\",\"logo\":{\"@type\":\"ImageObject\",\"inLanguage\":\"ca\",\"@id\":\"https:\/\/filharmonia.digital\/ca\/#\/schema\/logo\/image\/\",\"url\":\"https:\/\/filharmonia.digital\/wp-content\/uploads\/2021\/09\/filharmonia-logo_desktop.svg\",\"contentUrl\":\"https:\/\/filharmonia.digital\/wp-content\/uploads\/2021\/09\/filharmonia-logo_desktop.svg\",\"width\":100,\"height\":100,\"caption\":\"Filharmonia\/dh\"},\"image\":{\"@id\":\"https:\/\/filharmonia.digital\/ca\/#\/schema\/logo\/image\/\"},\"sameAs\":[\"https:\/\/www.facebook.com\/fschubertfilh\/\",\"https:\/\/x.com\/fschubertfilh\",\"https:\/\/www.instagram.com\/fschubertfilh\/\",\"https:\/\/www.linkedin.com\/company\/42889654\",\"https:\/\/www.youtube.com\/orquestraOCM\"]}]}<\/script>\n<!-- \/ Yoast SEO plugin. -->","yoast_head_json":{"title":"FAQs - Filharmonia Digital Hall","robots":{"index":"index","follow":"follow","max-snippet":"max-snippet:-1","max-image-preview":"max-image-preview:large","max-video-preview":"max-video-preview:-1"},"canonical":"https:\/\/filharmonia.digital\/ca\/faqs\/","og_locale":"ca_ES","og_type":"article","og_title":"FAQs - Filharmonia Digital Hall","og_description":"1_REGISTRE On vaig per registrar-me? A la p\u00e1gina de registre o login. No trobo el correu electr\u00f2nic per activar el meu compte. Potser el correu t\u2019ha arribat a la carpeta de \u201cCorreu brossa\u201d (Spam). Siusplau feu un cop d\u2019ull. Si no es troba a la carpeta de \u201cCorreu brossa\u201d potser has escrit el teu correu [&hellip;]","og_url":"https:\/\/filharmonia.digital\/ca\/faqs\/","og_site_name":"Filharmonia Digital Hall","article_publisher":"https:\/\/www.facebook.com\/fschubertfilh\/","article_modified_time":"2021-10-10T12:28:32+00:00","twitter_card":"summary_large_image","twitter_site":"@fschubertfilh","twitter_misc":{"Est. reading time":"5 minutes"},"schema":{"@context":"https:\/\/schema.org","@graph":[{"@type":"WebPage","@id":"https:\/\/filharmonia.digital\/ca\/faqs\/","url":"https:\/\/filharmonia.digital\/ca\/faqs\/","name":"FAQs - Filharmonia Digital Hall","isPartOf":{"@id":"https:\/\/filharmonia.digital\/ca\/#website"},"datePublished":"2021-09-22T13:49:49+00:00","dateModified":"2021-10-10T12:28:32+00:00","breadcrumb":{"@id":"https:\/\/filharmonia.digital\/ca\/faqs\/#breadcrumb"},"inLanguage":"ca","potentialAction":[{"@type":"ReadAction","target":["https:\/\/filharmonia.digital\/ca\/faqs\/"]}]},{"@type":"BreadcrumbList","@id":"https:\/\/filharmonia.digital\/ca\/faqs\/#breadcrumb","itemListElement":[{"@type":"ListItem","position":1,"name":"Home","item":"https:\/\/filharmonia.digital\/ca\/"},{"@type":"ListItem","position":2,"name":"FAQs"}]},{"@type":"WebSite","@id":"https:\/\/filharmonia.digital\/ca\/#website","url":"https:\/\/filharmonia.digital\/ca\/","name":"Filharmonia Digital Hall","description":"","publisher":{"@id":"https:\/\/filharmonia.digital\/ca\/#organization"},"potentialAction":[{"@type":"SearchAction","target":{"@type":"EntryPoint","urlTemplate":"https:\/\/filharmonia.digital\/ca\/?s={search_term_string}"},"query-input":{"@type":"PropertyValueSpecification","valueRequired":true,"valueName":"search_term_string"}}],"inLanguage":"ca"},{"@type":"Organization","@id":"https:\/\/filharmonia.digital\/ca\/#organization","name":"Filharmonia\/dh","url":"https:\/\/filharmonia.digital\/ca\/","logo":{"@type":"ImageObject","inLanguage":"ca","@id":"https:\/\/filharmonia.digital\/ca\/#\/schema\/logo\/image\/","url":"https:\/\/filharmonia.digital\/wp-content\/uploads\/2021\/09\/filharmonia-logo_desktop.svg","contentUrl":"https:\/\/filharmonia.digital\/wp-content\/uploads\/2021\/09\/filharmonia-logo_desktop.svg","width":100,"height":100,"caption":"Filharmonia\/dh"},"image":{"@id":"https:\/\/filharmonia.digital\/ca\/#\/schema\/logo\/image\/"},"sameAs":["https:\/\/www.facebook.com\/fschubertfilh\/","https:\/\/x.com\/fschubertfilh","https:\/\/www.instagram.com\/fschubertfilh\/","https:\/\/www.linkedin.com\/company\/42889654","https:\/\/www.youtube.com\/orquestraOCM"]}]}},"_links":{"self":[{"href":"https:\/\/filharmonia.digital\/ca\/wp-json\/wp\/v2\/pages\/7867"}],"collection":[{"href":"https:\/\/filharmonia.digital\/ca\/wp-json\/wp\/v2\/pages"}],"about":[{"href":"https:\/\/filharmonia.digital\/ca\/wp-json\/wp\/v2\/types\/page"}],"author":[{"embeddable":true,"href":"https:\/\/filharmonia.digital\/ca\/wp-json\/wp\/v2\/users\/1"}],"replies":[{"embeddable":true,"href":"https:\/\/filharmonia.digital\/ca\/wp-json\/wp\/v2\/comments?post=7867"}],"version-history":[{"count":0,"href":"https:\/\/filharmonia.digital\/ca\/wp-json\/wp\/v2\/pages\/7867\/revisions"}],"wp:attachment":[{"href":"https:\/\/filharmonia.digital\/ca\/wp-json\/wp\/v2\/media?parent=7867"}],"curies":[{"name":"wp","href":"https:\/\/api.w.org\/{rel}","templated":true}]}}