{"id":3128,"date":"2020-09-01T09:57:38","date_gmt":"2020-09-01T07:57:38","guid":{"rendered":"https:\/\/filharmonia.digital\/home\/"},"modified":"2022-11-25T11:23:16","modified_gmt":"2022-11-25T10:23:16","slug":"home","status":"publish","type":"page","link":"https:\/\/filharmonia.digital\/es\/","title":{"rendered":"Bienvenidos a la Filharmonia\/dh"},"content":{"rendered":"<div>La plataforma Filharmonia\/dh transmite la m\u00fasica sinf\u00f3nica a todos los rincones del mundo.<\/div>\n<div><\/div>\n<div>Los conciertos de la Franz Schubert Filharmonia se emiten desde el Palau de la M\u00fasica Catalana de Barcelona, presentando grandes obras de la historia de la m\u00fasica interpretadas por artistas de renombre internacional.<\/div>\n<div><\/div>\n<div>La Suscripci\u00f3n te permite disfrutar de todos los conciertos en directo y de toda la biblioteca.<\/div>\n","protected":false},"excerpt":{"rendered":"<p>La plataforma Filharmonia\/dh transmite la m\u00fasica sinf\u00f3nica a todos los rincones del mundo. Los conciertos de la Franz Schubert Filharmonia se emiten desde el Palau de la M\u00fasica Catalana de Barcelona, presentando grandes obras de la historia de la m\u00fasica interpretadas por artistas de renombre internacional. La Suscripci\u00f3n te permite disfrutar de todos los conciertos [&hellip;]<\/p>\n","protected":false},"author":1,"featured_media":3044,"parent":0,"menu_order":0,"comment_status":"closed","ping_status":"closed","template":"","meta":{"_acf_changed":false,"inline_featured_image":false,"footnotes":""},"class_list":["post-3128","page","type-page","status-publish","has-post-thumbnail","hentry"],"acf":[],"yoast_head":"<!-- This site is optimized with the Yoast SEO plugin v25.6 - https:\/\/yoast.com\/wordpress\/plugins\/seo\/ -->\n<title>Filharmonia\/dh - Franz Schubert Filharmonia desde el Palau de la M\u00fasica<\/title>\n<meta name=\"description\" content=\"Desde el Palau de la M\u00fasica Catalana de Barcelona, la Franz Schubert Filharmonia ofrece en streaming los conciertos de su temporada...\" \/>\n<meta name=\"robots\" content=\"index, follow, max-snippet:-1, max-image-preview:large, max-video-preview:-1\" \/>\n<link rel=\"canonical\" href=\"https:\/\/filharmonia.digital\/es\/\" \/>\n<meta property=\"og:locale\" content=\"es_ES\" \/>\n<meta property=\"og:type\" content=\"article\" \/>\n<meta property=\"og:title\" content=\"Filharmonia\/dh - Franz Schubert Filharmonia desde el Palau de la M\u00fasica\" \/>\n<meta property=\"og:description\" content=\"Desde el Palau de la M\u00fasica Catalana de Barcelona, la Franz Schubert Filharmonia ofrece en streaming los conciertos de su temporada...\" \/>\n<meta property=\"og:url\" content=\"https:\/\/filharmonia.digital\/es\/\" \/>\n<meta property=\"og:site_name\" content=\"Filharmonia Digital Hall\" \/>\n<meta property=\"article:publisher\" content=\"https:\/\/www.facebook.com\/fschubertfilh\/\" \/>\n<meta property=\"article:modified_time\" content=\"2022-11-25T10:23:16+00:00\" \/>\n<meta property=\"og:image\" content=\"https:\/\/filharmonia.digital\/wp-content\/uploads\/2020\/09\/we-play-music-wherever-you-are-ocm-digital-hall.jpg\" \/>\n\t<meta property=\"og:image:width\" content=\"1920\" \/>\n\t<meta property=\"og:image:height\" content=\"530\" \/>\n\t<meta property=\"og:image:type\" content=\"image\/jpeg\" \/>\n<meta name=\"twitter:card\" content=\"summary_large_image\" \/>\n<meta name=\"twitter:site\" content=\"@fschubertfilh\" \/>\n<meta name=\"twitter:label1\" content=\"Tiempo de lectura\" \/>\n\t<meta name=\"twitter:data1\" content=\"1 minuto\" \/>\n<script type=\"application\/ld+json\" class=\"yoast-schema-graph\">{\"@context\":\"https:\/\/schema.org\",\"@graph\":[{\"@type\":\"WebPage\",\"@id\":\"https:\/\/filharmonia.digital\/es\/\",\"url\":\"https:\/\/filharmonia.digital\/es\/\",\"name\":\"Filharmonia\/dh - Franz Schubert Filharmonia desde el Palau de la M\u00fasica\",\"isPartOf\":{\"@id\":\"https:\/\/filharmonia.digital\/es\/#website\"},\"primaryImageOfPage\":{\"@id\":\"https:\/\/filharmonia.digital\/es\/#primaryimage\"},\"image\":{\"@id\":\"https:\/\/filharmonia.digital\/es\/#primaryimage\"},\"thumbnailUrl\":\"https:\/\/filharmonia.digital\/wp-content\/uploads\/2020\/09\/we-play-music-wherever-you-are-ocm-digital-hall.jpg\",\"datePublished\":\"2020-09-01T07:57:38+00:00\",\"dateModified\":\"2022-11-25T10:23:16+00:00\",\"description\":\"Desde el Palau de la M\u00fasica Catalana de Barcelona, la Franz Schubert Filharmonia ofrece en streaming los conciertos de su temporada...\",\"breadcrumb\":{\"@id\":\"https:\/\/filharmonia.digital\/es\/#breadcrumb\"},\"inLanguage\":\"es\",\"potentialAction\":[{\"@type\":\"ReadAction\",\"target\":[\"https:\/\/filharmonia.digital\/es\/\"]}]},{\"@type\":\"ImageObject\",\"inLanguage\":\"es\",\"@id\":\"https:\/\/filharmonia.digital\/es\/#primaryimage\",\"url\":\"https:\/\/filharmonia.digital\/wp-content\/uploads\/2020\/09\/we-play-music-wherever-you-are-ocm-digital-hall.jpg\",\"contentUrl\":\"https:\/\/filharmonia.digital\/wp-content\/uploads\/2020\/09\/we-play-music-wherever-you-are-ocm-digital-hall.jpg\",\"width\":1920,\"height\":530},{\"@type\":\"BreadcrumbList\",\"@id\":\"https:\/\/filharmonia.digital\/es\/#breadcrumb\",\"itemListElement\":[{\"@type\":\"ListItem\",\"position\":1,\"name\":\"Home\",\"item\":\"https:\/\/filharmonia.digital\/es\/\"},{\"@type\":\"ListItem\",\"position\":2,\"name\":\"Bienvenidos a la Filharmonia\/dh\"}]},{\"@type\":\"WebSite\",\"@id\":\"https:\/\/filharmonia.digital\/es\/#website\",\"url\":\"https:\/\/filharmonia.digital\/es\/\",\"name\":\"Filharmonia Digital Hall\",\"description\":\"\",\"publisher\":{\"@id\":\"https:\/\/filharmonia.digital\/es\/#organization\"},\"potentialAction\":[{\"@type\":\"SearchAction\",\"target\":{\"@type\":\"EntryPoint\",\"urlTemplate\":\"https:\/\/filharmonia.digital\/es\/?s={search_term_string}\"},\"query-input\":{\"@type\":\"PropertyValueSpecification\",\"valueRequired\":true,\"valueName\":\"search_term_string\"}}],\"inLanguage\":\"es\"},{\"@type\":\"Organization\",\"@id\":\"https:\/\/filharmonia.digital\/es\/#organization\",\"name\":\"Filharmonia\/dh\",\"url\":\"https:\/\/filharmonia.digital\/es\/\",\"logo\":{\"@type\":\"ImageObject\",\"inLanguage\":\"es\",\"@id\":\"https:\/\/filharmonia.digital\/es\/#\/schema\/logo\/image\/\",\"url\":\"https:\/\/filharmonia.digital\/wp-content\/uploads\/2021\/09\/filharmonia-logo_desktop.svg\",\"contentUrl\":\"https:\/\/filharmonia.digital\/wp-content\/uploads\/2021\/09\/filharmonia-logo_desktop.svg\",\"width\":100,\"height\":100,\"caption\":\"Filharmonia\/dh\"},\"image\":{\"@id\":\"https:\/\/filharmonia.digital\/es\/#\/schema\/logo\/image\/\"},\"sameAs\":[\"https:\/\/www.facebook.com\/fschubertfilh\/\",\"https:\/\/x.com\/fschubertfilh\",\"https:\/\/www.instagram.com\/fschubertfilh\/\",\"https:\/\/www.linkedin.com\/company\/42889654\",\"https:\/\/www.youtube.com\/orquestraOCM\"]}]}<\/script>\n<!-- \/ Yoast SEO plugin. -->","yoast_head_json":{"title":"Filharmonia\/dh - Franz Schubert Filharmonia desde el Palau de la M\u00fasica","description":"Desde el Palau de la M\u00fasica Catalana de Barcelona, la Franz Schubert Filharmonia ofrece en streaming los conciertos de su temporada...","robots":{"index":"index","follow":"follow","max-snippet":"max-snippet:-1","max-image-preview":"max-image-preview:large","max-video-preview":"max-video-preview:-1"},"canonical":"https:\/\/filharmonia.digital\/es\/","og_locale":"es_ES","og_type":"article","og_title":"Filharmonia\/dh - Franz Schubert Filharmonia desde el Palau de la M\u00fasica","og_description":"Desde el Palau de la M\u00fasica Catalana de Barcelona, la Franz Schubert Filharmonia ofrece en streaming los conciertos de su temporada...","og_url":"https:\/\/filharmonia.digital\/es\/","og_site_name":"Filharmonia Digital Hall","article_publisher":"https:\/\/www.facebook.com\/fschubertfilh\/","article_modified_time":"2022-11-25T10:23:16+00:00","og_image":[{"width":1920,"height":530,"url":"https:\/\/filharmonia.digital\/wp-content\/uploads\/2020\/09\/we-play-music-wherever-you-are-ocm-digital-hall.jpg","type":"image\/jpeg"}],"twitter_card":"summary_large_image","twitter_site":"@fschubertfilh","twitter_misc":{"Tiempo de lectura":"1 minuto"},"schema":{"@context":"https:\/\/schema.org","@graph":[{"@type":"WebPage","@id":"https:\/\/filharmonia.digital\/es\/","url":"https:\/\/filharmonia.digital\/es\/","name":"Filharmonia\/dh - Franz Schubert Filharmonia desde el Palau de la M\u00fasica","isPartOf":{"@id":"https:\/\/filharmonia.digital\/es\/#website"},"primaryImageOfPage":{"@id":"https:\/\/filharmonia.digital\/es\/#primaryimage"},"image":{"@id":"https:\/\/filharmonia.digital\/es\/#primaryimage"},"thumbnailUrl":"https:\/\/filharmonia.digital\/wp-content\/uploads\/2020\/09\/we-play-music-wherever-you-are-ocm-digital-hall.jpg","datePublished":"2020-09-01T07:57:38+00:00","dateModified":"2022-11-25T10:23:16+00:00","description":"Desde el Palau de la M\u00fasica Catalana de Barcelona, la Franz Schubert Filharmonia ofrece en streaming los conciertos de su temporada...","breadcrumb":{"@id":"https:\/\/filharmonia.digital\/es\/#breadcrumb"},"inLanguage":"es","potentialAction":[{"@type":"ReadAction","target":["https:\/\/filharmonia.digital\/es\/"]}]},{"@type":"ImageObject","inLanguage":"es","@id":"https:\/\/filharmonia.digital\/es\/#primaryimage","url":"https:\/\/filharmonia.digital\/wp-content\/uploads\/2020\/09\/we-play-music-wherever-you-are-ocm-digital-hall.jpg","contentUrl":"https:\/\/filharmonia.digital\/wp-content\/uploads\/2020\/09\/we-play-music-wherever-you-are-ocm-digital-hall.jpg","width":1920,"height":530},{"@type":"BreadcrumbList","@id":"https:\/\/filharmonia.digital\/es\/#breadcrumb","itemListElement":[{"@type":"ListItem","position":1,"name":"Home","item":"https:\/\/filharmonia.digital\/es\/"},{"@type":"ListItem","position":2,"name":"Bienvenidos a la Filharmonia\/dh"}]},{"@type":"WebSite","@id":"https:\/\/filharmonia.digital\/es\/#website","url":"https:\/\/filharmonia.digital\/es\/","name":"Filharmonia Digital Hall","description":"","publisher":{"@id":"https:\/\/filharmonia.digital\/es\/#organization"},"potentialAction":[{"@type":"SearchAction","target":{"@type":"EntryPoint","urlTemplate":"https:\/\/filharmonia.digital\/es\/?s={search_term_string}"},"query-input":{"@type":"PropertyValueSpecification","valueRequired":true,"valueName":"search_term_string"}}],"inLanguage":"es"},{"@type":"Organization","@id":"https:\/\/filharmonia.digital\/es\/#organization","name":"Filharmonia\/dh","url":"https:\/\/filharmonia.digital\/es\/","logo":{"@type":"ImageObject","inLanguage":"es","@id":"https:\/\/filharmonia.digital\/es\/#\/schema\/logo\/image\/","url":"https:\/\/filharmonia.digital\/wp-content\/uploads\/2021\/09\/filharmonia-logo_desktop.svg","contentUrl":"https:\/\/filharmonia.digital\/wp-content\/uploads\/2021\/09\/filharmonia-logo_desktop.svg","width":100,"height":100,"caption":"Filharmonia\/dh"},"image":{"@id":"https:\/\/filharmonia.digital\/es\/#\/schema\/logo\/image\/"},"sameAs":["https:\/\/www.facebook.com\/fschubertfilh\/","https:\/\/x.com\/fschubertfilh","https:\/\/www.instagram.com\/fschubertfilh\/","https:\/\/www.linkedin.com\/company\/42889654","https:\/\/www.youtube.com\/orquestraOCM"]}]}},"_links":{"self":[{"href":"https:\/\/filharmonia.digital\/es\/wp-json\/wp\/v2\/pages\/3128"}],"collection":[{"href":"https:\/\/filharmonia.digital\/es\/wp-json\/wp\/v2\/pages"}],"about":[{"href":"https:\/\/filharmonia.digital\/es\/wp-json\/wp\/v2\/types\/page"}],"author":[{"embeddable":true,"href":"https:\/\/filharmonia.digital\/es\/wp-json\/wp\/v2\/users\/1"}],"replies":[{"embeddable":true,"href":"https:\/\/filharmonia.digital\/es\/wp-json\/wp\/v2\/comments?post=3128"}],"version-history":[{"count":1,"href":"https:\/\/filharmonia.digital\/es\/wp-json\/wp\/v2\/pages\/3128\/revisions"}],"predecessor-version":[{"id":34919,"href":"https:\/\/filharmonia.digital\/es\/wp-json\/wp\/v2\/pages\/3128\/revisions\/34919"}],"wp:featuredmedia":[{"embeddable":true,"href":"https:\/\/filharmonia.digital\/es\/wp-json\/wp\/v2\/media\/3044"}],"wp:attachment":[{"href":"https:\/\/filharmonia.digital\/es\/wp-json\/wp\/v2\/media?parent=3128"}],"curies":[{"name":"wp","href":"https:\/\/api.w.org\/{rel}","templated":true}]}}