{"id":3612,"date":"2020-09-01T09:32:03","date_gmt":"2020-09-01T07:32:03","guid":{"rendered":"https:\/\/filharmonia.digital\/the-streams\/"},"modified":"2021-10-28T14:13:42","modified_gmt":"2021-10-28T12:13:42","slug":"en-directo","status":"publish","type":"page","link":"https:\/\/filharmonia.digital\/es\/en-directo\/","title":{"rendered":"Directo"},"content":{"rendered":"","protected":false},"excerpt":{"rendered":"","protected":false},"author":1,"featured_media":8255,"parent":0,"menu_order":0,"comment_status":"closed","ping_status":"closed","template":"","meta":{"_acf_changed":false,"inline_featured_image":false,"footnotes":""},"class_list":["post-3612","page","type-page","status-publish","has-post-thumbnail","hentry"],"acf":[],"yoast_head":"<!-- This site is optimized with the Yoast SEO plugin v25.6 - https:\/\/yoast.com\/wordpress\/plugins\/seo\/ -->\n<title>Los Directos de la Franz Schubert Filharmonia desde el Palau de la M\u00fasica<\/title>\n<meta name=\"description\" content=\"La Filharmonia Digital Hall lleva la m\u00fasica sinf\u00f3nica a todos los rincones del mundo. Una nueva forma de disfrutar de conciertos sinf\u00f3nicos.\" \/>\n<meta name=\"robots\" content=\"index, follow, max-snippet:-1, max-image-preview:large, max-video-preview:-1\" \/>\n<link rel=\"canonical\" href=\"https:\/\/filharmonia.digital\/es\/en-directo\/\" \/>\n<meta property=\"og:locale\" content=\"es_ES\" \/>\n<meta property=\"og:type\" content=\"article\" \/>\n<meta property=\"og:title\" content=\"Los Directos de la Franz Schubert Filharmonia desde el Palau de la M\u00fasica\" \/>\n<meta property=\"og:description\" content=\"La Filharmonia Digital Hall lleva la m\u00fasica sinf\u00f3nica a todos los rincones del mundo. Una nueva forma de disfrutar de conciertos sinf\u00f3nicos.\" \/>\n<meta property=\"og:url\" content=\"https:\/\/filharmonia.digital\/es\/en-directo\/\" \/>\n<meta property=\"og:site_name\" content=\"Filharmonia Digital Hall\" \/>\n<meta property=\"article:publisher\" content=\"https:\/\/www.facebook.com\/fschubertfilh\/\" \/>\n<meta property=\"article:modified_time\" content=\"2021-10-28T12:13:42+00:00\" \/>\n<meta property=\"og:image\" content=\"https:\/\/filharmonia.digital\/wp-content\/uploads\/2021\/10\/portada_live-scaled.jpg\" \/>\n\t<meta property=\"og:image:width\" content=\"2560\" \/>\n\t<meta property=\"og:image:height\" content=\"783\" \/>\n\t<meta property=\"og:image:type\" content=\"image\/jpeg\" \/>\n<meta name=\"twitter:card\" content=\"summary_large_image\" \/>\n<meta name=\"twitter:site\" content=\"@fschubertfilh\" \/>\n<script type=\"application\/ld+json\" class=\"yoast-schema-graph\">{\"@context\":\"https:\/\/schema.org\",\"@graph\":[{\"@type\":\"WebPage\",\"@id\":\"https:\/\/filharmonia.digital\/es\/en-directo\/\",\"url\":\"https:\/\/filharmonia.digital\/es\/en-directo\/\",\"name\":\"Los Directos de la Franz Schubert Filharmonia desde el Palau de la M\u00fasica\",\"isPartOf\":{\"@id\":\"https:\/\/filharmonia.digital\/es\/#website\"},\"primaryImageOfPage\":{\"@id\":\"https:\/\/filharmonia.digital\/es\/en-directo\/#primaryimage\"},\"image\":{\"@id\":\"https:\/\/filharmonia.digital\/es\/en-directo\/#primaryimage\"},\"thumbnailUrl\":\"https:\/\/filharmonia.digital\/wp-content\/uploads\/2021\/10\/portada_live-scaled.jpg\",\"datePublished\":\"2020-09-01T07:32:03+00:00\",\"dateModified\":\"2021-10-28T12:13:42+00:00\",\"description\":\"La Filharmonia Digital Hall lleva la m\u00fasica sinf\u00f3nica a todos los rincones del mundo. Una nueva forma de disfrutar de conciertos sinf\u00f3nicos.\",\"breadcrumb\":{\"@id\":\"https:\/\/filharmonia.digital\/es\/en-directo\/#breadcrumb\"},\"inLanguage\":\"es\",\"potentialAction\":[{\"@type\":\"ReadAction\",\"target\":[\"https:\/\/filharmonia.digital\/es\/en-directo\/\"]}]},{\"@type\":\"ImageObject\",\"inLanguage\":\"es\",\"@id\":\"https:\/\/filharmonia.digital\/es\/en-directo\/#primaryimage\",\"url\":\"https:\/\/filharmonia.digital\/wp-content\/uploads\/2021\/10\/portada_live-scaled.jpg\",\"contentUrl\":\"https:\/\/filharmonia.digital\/wp-content\/uploads\/2021\/10\/portada_live-scaled.jpg\",\"width\":2560,\"height\":783,\"caption\":\"ocm mutter\"},{\"@type\":\"BreadcrumbList\",\"@id\":\"https:\/\/filharmonia.digital\/es\/en-directo\/#breadcrumb\",\"itemListElement\":[{\"@type\":\"ListItem\",\"position\":1,\"name\":\"Home\",\"item\":\"https:\/\/filharmonia.digital\/es\/\"},{\"@type\":\"ListItem\",\"position\":2,\"name\":\"Directo\"}]},{\"@type\":\"WebSite\",\"@id\":\"https:\/\/filharmonia.digital\/es\/#website\",\"url\":\"https:\/\/filharmonia.digital\/es\/\",\"name\":\"Filharmonia Digital Hall\",\"description\":\"\",\"publisher\":{\"@id\":\"https:\/\/filharmonia.digital\/es\/#organization\"},\"potentialAction\":[{\"@type\":\"SearchAction\",\"target\":{\"@type\":\"EntryPoint\",\"urlTemplate\":\"https:\/\/filharmonia.digital\/es\/?s={search_term_string}\"},\"query-input\":{\"@type\":\"PropertyValueSpecification\",\"valueRequired\":true,\"valueName\":\"search_term_string\"}}],\"inLanguage\":\"es\"},{\"@type\":\"Organization\",\"@id\":\"https:\/\/filharmonia.digital\/es\/#organization\",\"name\":\"Filharmonia\/dh\",\"url\":\"https:\/\/filharmonia.digital\/es\/\",\"logo\":{\"@type\":\"ImageObject\",\"inLanguage\":\"es\",\"@id\":\"https:\/\/filharmonia.digital\/es\/#\/schema\/logo\/image\/\",\"url\":\"https:\/\/filharmonia.digital\/wp-content\/uploads\/2021\/09\/filharmonia-logo_desktop.svg\",\"contentUrl\":\"https:\/\/filharmonia.digital\/wp-content\/uploads\/2021\/09\/filharmonia-logo_desktop.svg\",\"width\":100,\"height\":100,\"caption\":\"Filharmonia\/dh\"},\"image\":{\"@id\":\"https:\/\/filharmonia.digital\/es\/#\/schema\/logo\/image\/\"},\"sameAs\":[\"https:\/\/www.facebook.com\/fschubertfilh\/\",\"https:\/\/x.com\/fschubertfilh\",\"https:\/\/www.instagram.com\/fschubertfilh\/\",\"https:\/\/www.linkedin.com\/company\/42889654\",\"https:\/\/www.youtube.com\/orquestraOCM\"]}]}<\/script>\n<!-- \/ Yoast SEO plugin. -->","yoast_head_json":{"title":"Los Directos de la Franz Schubert Filharmonia desde el Palau de la M\u00fasica","description":"La Filharmonia Digital Hall lleva la m\u00fasica sinf\u00f3nica a todos los rincones del mundo. Una nueva forma de disfrutar de conciertos sinf\u00f3nicos.","robots":{"index":"index","follow":"follow","max-snippet":"max-snippet:-1","max-image-preview":"max-image-preview:large","max-video-preview":"max-video-preview:-1"},"canonical":"https:\/\/filharmonia.digital\/es\/en-directo\/","og_locale":"es_ES","og_type":"article","og_title":"Los Directos de la Franz Schubert Filharmonia desde el Palau de la M\u00fasica","og_description":"La Filharmonia Digital Hall lleva la m\u00fasica sinf\u00f3nica a todos los rincones del mundo. Una nueva forma de disfrutar de conciertos sinf\u00f3nicos.","og_url":"https:\/\/filharmonia.digital\/es\/en-directo\/","og_site_name":"Filharmonia Digital Hall","article_publisher":"https:\/\/www.facebook.com\/fschubertfilh\/","article_modified_time":"2021-10-28T12:13:42+00:00","og_image":[{"width":2560,"height":783,"url":"https:\/\/filharmonia.digital\/wp-content\/uploads\/2021\/10\/portada_live-scaled.jpg","type":"image\/jpeg"}],"twitter_card":"summary_large_image","twitter_site":"@fschubertfilh","schema":{"@context":"https:\/\/schema.org","@graph":[{"@type":"WebPage","@id":"https:\/\/filharmonia.digital\/es\/en-directo\/","url":"https:\/\/filharmonia.digital\/es\/en-directo\/","name":"Los Directos de la Franz Schubert Filharmonia desde el Palau de la M\u00fasica","isPartOf":{"@id":"https:\/\/filharmonia.digital\/es\/#website"},"primaryImageOfPage":{"@id":"https:\/\/filharmonia.digital\/es\/en-directo\/#primaryimage"},"image":{"@id":"https:\/\/filharmonia.digital\/es\/en-directo\/#primaryimage"},"thumbnailUrl":"https:\/\/filharmonia.digital\/wp-content\/uploads\/2021\/10\/portada_live-scaled.jpg","datePublished":"2020-09-01T07:32:03+00:00","dateModified":"2021-10-28T12:13:42+00:00","description":"La Filharmonia Digital Hall lleva la m\u00fasica sinf\u00f3nica a todos los rincones del mundo. Una nueva forma de disfrutar de conciertos sinf\u00f3nicos.","breadcrumb":{"@id":"https:\/\/filharmonia.digital\/es\/en-directo\/#breadcrumb"},"inLanguage":"es","potentialAction":[{"@type":"ReadAction","target":["https:\/\/filharmonia.digital\/es\/en-directo\/"]}]},{"@type":"ImageObject","inLanguage":"es","@id":"https:\/\/filharmonia.digital\/es\/en-directo\/#primaryimage","url":"https:\/\/filharmonia.digital\/wp-content\/uploads\/2021\/10\/portada_live-scaled.jpg","contentUrl":"https:\/\/filharmonia.digital\/wp-content\/uploads\/2021\/10\/portada_live-scaled.jpg","width":2560,"height":783,"caption":"ocm mutter"},{"@type":"BreadcrumbList","@id":"https:\/\/filharmonia.digital\/es\/en-directo\/#breadcrumb","itemListElement":[{"@type":"ListItem","position":1,"name":"Home","item":"https:\/\/filharmonia.digital\/es\/"},{"@type":"ListItem","position":2,"name":"Directo"}]},{"@type":"WebSite","@id":"https:\/\/filharmonia.digital\/es\/#website","url":"https:\/\/filharmonia.digital\/es\/","name":"Filharmonia Digital Hall","description":"","publisher":{"@id":"https:\/\/filharmonia.digital\/es\/#organization"},"potentialAction":[{"@type":"SearchAction","target":{"@type":"EntryPoint","urlTemplate":"https:\/\/filharmonia.digital\/es\/?s={search_term_string}"},"query-input":{"@type":"PropertyValueSpecification","valueRequired":true,"valueName":"search_term_string"}}],"inLanguage":"es"},{"@type":"Organization","@id":"https:\/\/filharmonia.digital\/es\/#organization","name":"Filharmonia\/dh","url":"https:\/\/filharmonia.digital\/es\/","logo":{"@type":"ImageObject","inLanguage":"es","@id":"https:\/\/filharmonia.digital\/es\/#\/schema\/logo\/image\/","url":"https:\/\/filharmonia.digital\/wp-content\/uploads\/2021\/09\/filharmonia-logo_desktop.svg","contentUrl":"https:\/\/filharmonia.digital\/wp-content\/uploads\/2021\/09\/filharmonia-logo_desktop.svg","width":100,"height":100,"caption":"Filharmonia\/dh"},"image":{"@id":"https:\/\/filharmonia.digital\/es\/#\/schema\/logo\/image\/"},"sameAs":["https:\/\/www.facebook.com\/fschubertfilh\/","https:\/\/x.com\/fschubertfilh","https:\/\/www.instagram.com\/fschubertfilh\/","https:\/\/www.linkedin.com\/company\/42889654","https:\/\/www.youtube.com\/orquestraOCM"]}]}},"_links":{"self":[{"href":"https:\/\/filharmonia.digital\/es\/wp-json\/wp\/v2\/pages\/3612"}],"collection":[{"href":"https:\/\/filharmonia.digital\/es\/wp-json\/wp\/v2\/pages"}],"about":[{"href":"https:\/\/filharmonia.digital\/es\/wp-json\/wp\/v2\/types\/page"}],"author":[{"embeddable":true,"href":"https:\/\/filharmonia.digital\/es\/wp-json\/wp\/v2\/users\/1"}],"replies":[{"embeddable":true,"href":"https:\/\/filharmonia.digital\/es\/wp-json\/wp\/v2\/comments?post=3612"}],"version-history":[{"count":0,"href":"https:\/\/filharmonia.digital\/es\/wp-json\/wp\/v2\/pages\/3612\/revisions"}],"wp:featuredmedia":[{"embeddable":true,"href":"https:\/\/filharmonia.digital\/es\/wp-json\/wp\/v2\/media\/8255"}],"wp:attachment":[{"href":"https:\/\/filharmonia.digital\/es\/wp-json\/wp\/v2\/media?parent=3612"}],"curies":[{"name":"wp","href":"https:\/\/api.w.org\/{rel}","templated":true}]}}