{"id":4730,"date":"2020-09-01T12:03:55","date_gmt":"2020-09-01T10:03:55","guid":{"rendered":"https:\/\/filharmonia.digital\/privacy-policy\/"},"modified":"2021-10-11T11:15:15","modified_gmt":"2021-10-11T09:15:15","slug":"politica-de-privacidad","status":"publish","type":"page","link":"https:\/\/filharmonia.digital\/es\/politica-de-privacidad\/","title":{"rendered":"Pol\u00edtica de Privacidad"},"content":{"rendered":"<p>Le informamos que CAMERA MUSICAE SLU, con domicilio social en Moll de Lleida, bloc 2 oficina I, 43004 Tarragona; con CIF: G55709406 seg\u00fan escritura de Constituci\u00f3n, otorgada ante Notario de Barcelona Sr. Francisco Javier Hern\u00e1ndez Alonso, con n\u00famero de protocolo 466, de 18\/05\/2017, e inscrita en el Registro de Tarragona, en el tomo 3019, folio 109, p\u00e1gina T51524, es el propietario de esta p\u00e1gina web (www.filharmonia.digital).<\/p>\n<p>Las presentes condiciones generales regulan \u00fanica y exclusivamente el uso de la p\u00e1gina web (www.filharmonia.digital) por parte de los \u201cusuarios\u201d que accedan a la misma. Estas condiciones generales est\u00e1n a disposici\u00f3n de los \u201cusuarios\u201d en todas y cada una de las p\u00e1ginas de la p\u00e1gina web.<\/p>\n<p>El acceso al sitio web www.filharmonia.digital implica sin reservas la aceptaci\u00f3n de las presentes condiciones generales de uso que el usuario afirma comprender en su totalidad. El registro del usuario en cualquier forma de introducci\u00f3n de datos personales requiere la aceptaci\u00f3n expl\u00edcita de estas condiciones generales.<\/p>\n<p>El usuario se compromete a no utilizar la p\u00e1gina web, los servicios ofrecidos para realizar actividades contrarias a la ley.<\/p>\n<ol>\n<li>\n<h2>\u00bfQui\u00e9n es el responsable del tratamiento de datos y con qui\u00e9n puedo contactar?<\/h2>\n<\/li>\n<\/ol>\n<p style=\"padding-left: 40px;\">Responsable del tratamiento de sus datos personales en el sentido del ar\u00edculo. 3\/2018 de la Agencia Espa\u00f1ola de Protecci\u00f3n de Datos (\u201cAEPD\u201d) es:<\/p>\n<p style=\"padding-left: 40px;\"><strong>Camera Musicae SLU<br \/>\nMoll de Lleida, bloc 2 oficina I<\/strong><br \/>\n<strong>43004 Tarragona<\/strong><br \/>\n<strong>B55709406<\/strong><\/p>\n<p style=\"padding-left: 40px;\">E-mail: <a href=\"mailto:info@filharmonia.digital\">info@filharmonia.digital<\/a><br \/>\nTel\u00e9fono: <a href=\"tel:34877020051\">+34 877 020 051<\/a><\/p>\n<ol start=\"2\">\n<li>\n<h2>\u00bfQu\u00e9 fuentes y datos utilizamos?<\/h2>\n<\/li>\n<\/ol>\n<h3 style=\"padding-left: 40px;\">2.1 Visitar nuestra p\u00e1gina web<\/h3>\n<p style=\"padding-left: 40px;\">Cuando visita nuestra p\u00e1gina web, el navegador de su dispositivo env\u00eda informaci\u00f3n autom\u00e1ticamente al servidor de nuestra p\u00e1gina web. Esta informaci\u00f3n se almacena temporalmente en un archivo de registro. La siguiente informaci\u00f3n se recopila y almacena hasta que se elimina autom\u00e1ticamente: direcci\u00f3n IP del ordenador solicitante; fecha y hora de acceso; nombre y URL del archivo accedido; p\u00e1gina web desde el que se realiza el acceso (\u00abURL de referencia\u00bb); si corresponde, el motor de b\u00fasqueda que utiliz\u00f3; el navegador utilizado; y, si corresponde, el sistema operativo de su ordenador, as\u00ed como el nombre de su proveedor de acceso.<\/p>\n<p style=\"padding-left: 40px;\">Los datos mencionados ser\u00e1n tratados por nosotros para las siguientes finalidades:<\/p>\n<ul>\n<li>garantizar una conexi\u00f3n funcional de la p\u00e1gina web<\/li>\n<li>garantizar un uso c\u00f3modo de nuestra p\u00e1gina web<\/li>\n<li>facturaci\u00f3n<\/li>\n<li>evaluaci\u00f3n estad\u00edstica mediante seud\u00f3nimo para optimizar nuestra p\u00e1gina web, as\u00ed como la calidad y variedad de nuestras ofertas<\/li>\n<li>evaluaci\u00f3n de la seguridad y estabilidad del sistema, y<\/li>\n<li>para otros fines administrativosLa base legal para el procesamiento de datos es el art\u00edculo 3\/2018 de la Agencia Espa\u00f1ola de Protecci\u00f3n de Datos (\u201cAEPD\u201d), en la medida en que el tratamiento de datos sea necesario para la prestaci\u00f3n de la p\u00e1gina web o con fines de facturaci\u00f3n.\n<p>Puede oponerse al an\u00e1lisis estad\u00edstico de los archivos de registro en cualquier momento enviando un correo electr\u00f3nico a info@ocmdigitalhall.com.<\/p>\n<p>Para cada acceso institucional, Camera Musicae SLU recopila las siguientes estad\u00edsticas &#8211; completamente an\u00f3nimas &#8211; sobre la base de estos datos: N\u00famero de usuarios individuales institucionales (total \/ activo); minutos visualizados (total \/ promedio por usuario individual institucional); tiempo de uso (total \/ promedio por usuario institucional individual); n\u00famero de usuarios individuales institucionales rechazados \/ bloqueados, uso total por tipo de dispositivo (m\u00f3vil, TV, escritorio). Adem\u00e1s, utilizamos cookies y servicios de an\u00e1lisis cuando visita nuestra p\u00e1gina web.<\/li>\n<\/ul>\n<h3 style=\"padding-left: 40px;\">2.2 Uso de Filharmonia\/dh<\/h3>\n<p style=\"padding-left: 40px;\">Adem\u00e1s, procesamos los datos personales que recibimos de usted en el curso de nuestra relaci\u00f3n comercial. La base legal para esto es el art\u00edculo 3\/2018 de la Agencia Espa\u00f1ola de Protecci\u00f3n de Datos (\u201cAEPD\u201d).<\/p>\n<p style=\"padding-left: 40px;\">Por ejemplo, procesamos datos personales si nos los proporciona al registrarse como cliente del OCM Digital Hall o como invitado de la tienda online.<\/p>\n<p style=\"padding-left: 40px;\">Camera Musicae SLU requiere los siguientes datos para la ejecuci\u00f3n y tramitaci\u00f3n de los servicios de streaming ofrecidos en el Filharmonia\/dh y los pedidos en la tienda online: T\u00edtulo, nombre completo, fecha de nacimiento, direcci\u00f3n de correo electr\u00f3nico, direcci\u00f3n (direcci\u00f3n de facturaci\u00f3n y, en su caso, , direcci\u00f3n de env\u00edo diferente), datos bancarios o datos de la tarjeta de cr\u00e9dito. Al registrarse como cliente de Filharmonia\/dh , tambi\u00e9n debe elegir una contrase\u00f1a para permitir el acceso futuro al \u00e1rea de clientes sin tener que volver a ingresar sus datos personales. Para los clientes registrados, Camera Musicae SLU crea una cuenta de cliente en la que se almacenan los datos del cliente para futuras visitas a conciertos en el Filharmonia\/dh o para otros pedidos. Puede acceder, corregir y eliminar los datos almacenados all\u00ed en cualquier momento.<\/p>\n<ol start=\"3\">\n<li>\n<h2>\u00bfCon qu\u00e9 finalidad y sobre qu\u00e9 base legal tratamos sus datos?<\/h2>\n<\/li>\n<\/ol>\n<p style=\"padding-left: 40px;\">Procesamos los datos personales de acuerdo con las disposiciones de la AEPD.<\/p>\n<h3 style=\"padding-left: 40px;\">3.1 Para la ejecuci\u00f3n de contratos y medidas precontractuales Art\u00edculo 3\/2018 de la Agencia Espa\u00f1ola de Protecci\u00f3n de Datos (\u201cAEPD\u201d).<\/h3>\n<p style=\"padding-left: 40px;\">El tratamiento de datos personales (Art. 3\/2018 AEPD) tiene lugar para la prestaci\u00f3n de los servicios (streaming) ofrecidos en nuestra p\u00e1gina web, para la tramitaci\u00f3n de los contratos de compra adquiridos en nuestra tienda online, para la facturaci\u00f3n, ejecuci\u00f3n de precontractuales medidas y para responder a sus consultas en relaci\u00f3n con nuestra relaci\u00f3n comercial.<\/p>\n<p style=\"padding-left: 40px;\">Se pueden encontrar m\u00e1s detalles sobre el prop\u00f3sito del procesamiento de datos en los respectivos documentos contractuales y t\u00e9rminos y condiciones.<\/p>\n<h3 style=\"padding-left: 40px;\">3.2 Por intereses leg\u00edtimos (Art. 3\/2018 AEPD)<\/h3>\n<p style=\"padding-left: 40px;\">Si es necesario, procesamos sus datos m\u00e1s all\u00e1 del cumplimiento real del contrato para proteger los intereses leg\u00edtimos de nosotros o de terceros, por ejemplo, en los siguientes casos:<\/p>\n<ul>\n<li>Responder a sus preguntas fuera de un contrato o medidas precontractuales;<\/li>\n<li>publicidad o estudios de mercado y de opini\u00f3n, a menos que se haya opuesto al uso de sus datos;<\/li>\n<li>operaci\u00f3n y optimizaci\u00f3n de la p\u00e1gina web;<\/li>\n<li>uso de cookies de acuerdo a continuaci\u00f3n;<\/li>\n<li>uso de reCAPTCHA seg\u00fan se indica a continuaci\u00f3n ;<\/li>\n<li>ejecuci\u00f3n de reclamos legales y defensa en disputas legales;<\/li>\n<li>garantizar nuestra seguridad de TI y operaciones de TI;<\/li>\n<li>prevenci\u00f3n e investigaci\u00f3n de delitos penales.<\/li>\n<\/ul>\n<h3 style=\"padding-left: 40px;\">3.3 Sobre la base de su consentimiento (Art. 3\/2018 AEPD)<\/h3>\n<p style=\"padding-left: 40px;\">Si nos ha dado su consentimiento para procesar datos personales para fines espec\u00edficos, este procesamiento es legal sobre la base de su consentimiento. Puede retirar su consentimiento en cualquier momento. Tenga en cuenta que el retiro solo tendr\u00e1 efecto en el futuro. La legalidad de nuestro procesamiento basado en su consentimiento que tuvo lugar antes del retiro no se ve afectada.<\/p>\n<h3 style=\"padding-left: 40px;\">3.4 Por obligaciones legales (Art. 3\/2018 AEPD)<\/h3>\n<p style=\"padding-left: 40px;\">Adem\u00e1s, estamos sujetos a diversas obligaciones legales. Los prop\u00f3sitos del procesamiento incluyen, entre otros, el cumplimiento de los per\u00edodos de retenci\u00f3n bajo la ley comercial y tributaria.<\/p>\n<ol start=\"4\">\n<li>\n<h2>Cookies<\/h2>\n<\/li>\n<\/ol>\n<p style=\"padding-left: 40px;\">Usamos cookies en nuestra p\u00e1gina web que recopilan sus datos utilizando seud\u00f3nimos. Las cookies son peque\u00f1os archivos de texto que genera una p\u00e1gina web y que su navegador de Internet almacena en su disco duro cuando visita la p\u00e1gina web. Puede evitar el uso de cookies en cualquier momento configurando su navegador de Internet para que no acepte nuevas cookies (especialmente cookies de terceros) o le notifique de nuevas cookies. Tambi\u00e9n puede eliminar las cookies que ya se han guardado en la configuraci\u00f3n de su navegador de Internet. Puede obtener ayuda sobre c\u00f3mo cambiar la configuraci\u00f3n de las cookies en la funci\u00f3n de ayuda de su navegador de Internet, por ejemplo. Puede encontrar m\u00e1s informaci\u00f3n sobre esto y sobre las cookies en general, por ejemplo, en http:\/\/www.allaboutcookies.org y http:\/\/www.youronlinechoices.com. Tenga en cuenta que no podr\u00e1 utilizar algunas funciones de nuestro sitio web si no acepta las cookies.<\/p>\n<p style=\"padding-left: 40px;\">En nuestra p\u00e1gina web utilizamos cookies t\u00e9cnicamente necesarias, cookies de an\u00e1lisis web y cookies de seguimiento con fines publicitarios:<\/p>\n<h3 style=\"padding-left: 40px;\">4.1 Cookies t\u00e9cnicamente necesarias<\/h3>\n<p style=\"padding-left: 40px;\">La mayor\u00eda de las cookies que utilizamos son t\u00e9cnicamente necesarias para permitirle utilizar nuestras p\u00e1gina web y los servicios ofrecidos en \u00e9l (por ejemplo, inicio de sesi\u00f3n seguro, agregar productos al carrito de compras en el proceso de pedido) (\u00abcookies de sesi\u00f3n\u00bb). Nuestro inter\u00e9s leg\u00edtimo en el procesamiento de datos radica en estos fines; la base legal es el art. 3\/2018 AEPD. Los datos no se combinar\u00e1n con otros datos personales y no se utilizar\u00e1n con fines publicitarios. Las cookies de sesi\u00f3n se eliminan una vez finalizada la sesi\u00f3n del navegador correspondiente, a m\u00e1s tardar despu\u00e9s de siete d\u00edas.<\/p>\n<ol start=\"5\">\n<li>\n<h2>Email marketing<\/h2>\n<\/li>\n<\/ol>\n<h3 style=\"padding-left: 40px;\">5.1 Newsletter<\/h3>\n<p style=\"padding-left: 40px;\">Si ha dado su consentimiento expreso de acuerdo con el art. 3\/2018 AEPD, utilizamos su direcci\u00f3n de correo electr\u00f3nico para informarle en nuestro bolet\u00edn electr\u00f3nico sobre nosotros, en particular sobre nuestros conciertos. Su consentimiento queda registrado y se puede consultar en cualquier momento en \u00abSu cuenta\u00bb en la Filharmonia\/dh.<\/p>\n<p style=\"padding-left: 40px;\">Para recibir el bolet\u00edn, es suficiente proporcionar una direcci\u00f3n de correo electr\u00f3nico.<\/p>\n<p style=\"padding-left: 40px;\">Puede darse de baja en cualquier momento, por ejemplo, a trav\u00e9s del enlace al final de cada correo electr\u00f3nico. Alternativamente, puede enviar su solicitud para cancelar la suscripci\u00f3n por correo electr\u00f3nico a info@ocmdigitalhall.com en cualquier momento. En este caso, su direcci\u00f3n de correo electr\u00f3nico se eliminar\u00e1 de nuestra lista de distribuci\u00f3n de correo electr\u00f3nico y se agregar\u00e1 a nuestra lista negra. La retirada de su consentimiento solo tendr\u00e1 efecto en el futuro. La legalidad de cualquier procesamiento basado en su consentimiento realizado antes de la retirada no se ve afectada por esto.<\/p>\n<p style=\"padding-left: 40px;\">Seguimiento de boletines.<\/p>\n<p style=\"padding-left: 40px;\">Tenga en cuenta que evaluamos el comportamiento de los destinatarios de nuestros correos electr\u00f3nicos utilizando estad\u00edsticas de uso. Para este prop\u00f3sito, los correos electr\u00f3nicos contienen los llamados p\u00edxeles de seguimiento y enlaces, cada uno de los cuales est\u00e1 vinculado con una identificaci\u00f3n individual. As\u00ed registramos el tiempo de apertura y reenv\u00edo del correo electr\u00f3nico, as\u00ed como el clic de los enlaces contenidos en el mismo, la direcci\u00f3n IP (para determinar el pa\u00eds de recuperaci\u00f3n) y el programa de correo electr\u00f3nico utilizado. La evaluaci\u00f3n se basa en estad\u00edsticas de uso (tasa de entrega, tasa de apertura, tasa de clics, n\u00famero de redireccionamientos, n\u00famero de clics en los enlaces contenidos en el correo electr\u00f3nico, programas de correo electr\u00f3nico utilizados, aperturas y clics por hora del d\u00eda y fecha, pa\u00eds de recuperaci\u00f3n) , que podemos asociar con su direcci\u00f3n de correo electr\u00f3nico. La evaluaci\u00f3n del comportamiento de uso sirve para comprobar el \u00e9xito de nuestro marketing por correo electr\u00f3nico y mejorarlo constantemente. La base legal es el art. 3\/2018 AEPD. Puede retirar su consentimiento para la evaluaci\u00f3n en cualquier momento cancelando la suscripci\u00f3n al bolet\u00edn (por ejemplo, a trav\u00e9s del enlace al final de cada correo electr\u00f3nico); un retiro aislado de su consentimiento solo contra la evaluaci\u00f3n no es (actualmente) posible por razones t\u00e9cnicas. Almacenamos sus datos de uso hasta que retire su consentimiento.<\/p>\n","protected":false},"excerpt":{"rendered":"<p>Le informamos que CAMERA MUSICAE SLU, con domicilio social en Moll de Lleida, bloc 2 oficina I, 43004 Tarragona; con CIF: G55709406 seg\u00fan escritura de Constituci\u00f3n, otorgada ante Notario de Barcelona Sr. Francisco Javier Hern\u00e1ndez Alonso, con n\u00famero de protocolo 466, de 18\/05\/2017, e inscrita en el Registro de Tarragona, en el tomo 3019, folio [&hellip;]<\/p>\n","protected":false},"author":1,"featured_media":0,"parent":0,"menu_order":0,"comment_status":"closed","ping_status":"closed","template":"","meta":{"_acf_changed":false,"inline_featured_image":false,"footnotes":""},"class_list":["post-4730","page","type-page","status-publish","hentry"],"acf":[],"yoast_head":"<!-- This site is optimized with the Yoast SEO plugin v25.6 - https:\/\/yoast.com\/wordpress\/plugins\/seo\/ -->\n<title>Pol\u00edtica de Privacidad - Filharmonia Digital Hall<\/title>\n<meta name=\"robots\" content=\"index, follow, max-snippet:-1, max-image-preview:large, max-video-preview:-1\" \/>\n<link rel=\"canonical\" href=\"https:\/\/filharmonia.digital\/es\/politica-de-privacidad\/\" \/>\n<meta property=\"og:locale\" content=\"es_ES\" \/>\n<meta property=\"og:type\" content=\"article\" \/>\n<meta property=\"og:title\" content=\"Pol\u00edtica de Privacidad - Filharmonia Digital Hall\" \/>\n<meta property=\"og:description\" content=\"Le informamos que CAMERA MUSICAE SLU, con domicilio social en Moll de Lleida, bloc 2 oficina I, 43004 Tarragona; con CIF: G55709406 seg\u00fan escritura de Constituci\u00f3n, otorgada ante Notario de Barcelona Sr. Francisco Javier Hern\u00e1ndez Alonso, con n\u00famero de protocolo 466, de 18\/05\/2017, e inscrita en el Registro de Tarragona, en el tomo 3019, folio [&hellip;]\" \/>\n<meta property=\"og:url\" content=\"https:\/\/filharmonia.digital\/es\/politica-de-privacidad\/\" \/>\n<meta property=\"og:site_name\" content=\"Filharmonia Digital Hall\" \/>\n<meta property=\"article:publisher\" content=\"https:\/\/www.facebook.com\/fschubertfilh\/\" \/>\n<meta property=\"article:modified_time\" content=\"2021-10-11T09:15:15+00:00\" \/>\n<meta name=\"twitter:card\" content=\"summary_large_image\" \/>\n<meta name=\"twitter:site\" content=\"@fschubertfilh\" \/>\n<meta name=\"twitter:label1\" content=\"Tiempo de lectura\" \/>\n\t<meta name=\"twitter:data1\" content=\"9 minutos\" \/>\n<script type=\"application\/ld+json\" class=\"yoast-schema-graph\">{\"@context\":\"https:\/\/schema.org\",\"@graph\":[{\"@type\":\"WebPage\",\"@id\":\"https:\/\/filharmonia.digital\/es\/politica-de-privacidad\/\",\"url\":\"https:\/\/filharmonia.digital\/es\/politica-de-privacidad\/\",\"name\":\"Pol\u00edtica de Privacidad - Filharmonia Digital Hall\",\"isPartOf\":{\"@id\":\"https:\/\/filharmonia.digital\/es\/#website\"},\"datePublished\":\"2020-09-01T10:03:55+00:00\",\"dateModified\":\"2021-10-11T09:15:15+00:00\",\"breadcrumb\":{\"@id\":\"https:\/\/filharmonia.digital\/es\/politica-de-privacidad\/#breadcrumb\"},\"inLanguage\":\"es\",\"potentialAction\":[{\"@type\":\"ReadAction\",\"target\":[\"https:\/\/filharmonia.digital\/es\/politica-de-privacidad\/\"]}]},{\"@type\":\"BreadcrumbList\",\"@id\":\"https:\/\/filharmonia.digital\/es\/politica-de-privacidad\/#breadcrumb\",\"itemListElement\":[{\"@type\":\"ListItem\",\"position\":1,\"name\":\"Home\",\"item\":\"https:\/\/filharmonia.digital\/es\/\"},{\"@type\":\"ListItem\",\"position\":2,\"name\":\"Pol\u00edtica de Privacidad\"}]},{\"@type\":\"WebSite\",\"@id\":\"https:\/\/filharmonia.digital\/es\/#website\",\"url\":\"https:\/\/filharmonia.digital\/es\/\",\"name\":\"Filharmonia Digital Hall\",\"description\":\"\",\"publisher\":{\"@id\":\"https:\/\/filharmonia.digital\/es\/#organization\"},\"potentialAction\":[{\"@type\":\"SearchAction\",\"target\":{\"@type\":\"EntryPoint\",\"urlTemplate\":\"https:\/\/filharmonia.digital\/es\/?s={search_term_string}\"},\"query-input\":{\"@type\":\"PropertyValueSpecification\",\"valueRequired\":true,\"valueName\":\"search_term_string\"}}],\"inLanguage\":\"es\"},{\"@type\":\"Organization\",\"@id\":\"https:\/\/filharmonia.digital\/es\/#organization\",\"name\":\"Filharmonia\/dh\",\"url\":\"https:\/\/filharmonia.digital\/es\/\",\"logo\":{\"@type\":\"ImageObject\",\"inLanguage\":\"es\",\"@id\":\"https:\/\/filharmonia.digital\/es\/#\/schema\/logo\/image\/\",\"url\":\"https:\/\/filharmonia.digital\/wp-content\/uploads\/2021\/09\/filharmonia-logo_desktop.svg\",\"contentUrl\":\"https:\/\/filharmonia.digital\/wp-content\/uploads\/2021\/09\/filharmonia-logo_desktop.svg\",\"width\":100,\"height\":100,\"caption\":\"Filharmonia\/dh\"},\"image\":{\"@id\":\"https:\/\/filharmonia.digital\/es\/#\/schema\/logo\/image\/\"},\"sameAs\":[\"https:\/\/www.facebook.com\/fschubertfilh\/\",\"https:\/\/x.com\/fschubertfilh\",\"https:\/\/www.instagram.com\/fschubertfilh\/\",\"https:\/\/www.linkedin.com\/company\/42889654\",\"https:\/\/www.youtube.com\/orquestraOCM\"]}]}<\/script>\n<!-- \/ Yoast SEO plugin. -->","yoast_head_json":{"title":"Pol\u00edtica de Privacidad - Filharmonia Digital Hall","robots":{"index":"index","follow":"follow","max-snippet":"max-snippet:-1","max-image-preview":"max-image-preview:large","max-video-preview":"max-video-preview:-1"},"canonical":"https:\/\/filharmonia.digital\/es\/politica-de-privacidad\/","og_locale":"es_ES","og_type":"article","og_title":"Pol\u00edtica de Privacidad - Filharmonia Digital Hall","og_description":"Le informamos que CAMERA MUSICAE SLU, con domicilio social en Moll de Lleida, bloc 2 oficina I, 43004 Tarragona; con CIF: G55709406 seg\u00fan escritura de Constituci\u00f3n, otorgada ante Notario de Barcelona Sr. Francisco Javier Hern\u00e1ndez Alonso, con n\u00famero de protocolo 466, de 18\/05\/2017, e inscrita en el Registro de Tarragona, en el tomo 3019, folio [&hellip;]","og_url":"https:\/\/filharmonia.digital\/es\/politica-de-privacidad\/","og_site_name":"Filharmonia Digital Hall","article_publisher":"https:\/\/www.facebook.com\/fschubertfilh\/","article_modified_time":"2021-10-11T09:15:15+00:00","twitter_card":"summary_large_image","twitter_site":"@fschubertfilh","twitter_misc":{"Tiempo de lectura":"9 minutos"},"schema":{"@context":"https:\/\/schema.org","@graph":[{"@type":"WebPage","@id":"https:\/\/filharmonia.digital\/es\/politica-de-privacidad\/","url":"https:\/\/filharmonia.digital\/es\/politica-de-privacidad\/","name":"Pol\u00edtica de Privacidad - Filharmonia Digital Hall","isPartOf":{"@id":"https:\/\/filharmonia.digital\/es\/#website"},"datePublished":"2020-09-01T10:03:55+00:00","dateModified":"2021-10-11T09:15:15+00:00","breadcrumb":{"@id":"https:\/\/filharmonia.digital\/es\/politica-de-privacidad\/#breadcrumb"},"inLanguage":"es","potentialAction":[{"@type":"ReadAction","target":["https:\/\/filharmonia.digital\/es\/politica-de-privacidad\/"]}]},{"@type":"BreadcrumbList","@id":"https:\/\/filharmonia.digital\/es\/politica-de-privacidad\/#breadcrumb","itemListElement":[{"@type":"ListItem","position":1,"name":"Home","item":"https:\/\/filharmonia.digital\/es\/"},{"@type":"ListItem","position":2,"name":"Pol\u00edtica de Privacidad"}]},{"@type":"WebSite","@id":"https:\/\/filharmonia.digital\/es\/#website","url":"https:\/\/filharmonia.digital\/es\/","name":"Filharmonia Digital Hall","description":"","publisher":{"@id":"https:\/\/filharmonia.digital\/es\/#organization"},"potentialAction":[{"@type":"SearchAction","target":{"@type":"EntryPoint","urlTemplate":"https:\/\/filharmonia.digital\/es\/?s={search_term_string}"},"query-input":{"@type":"PropertyValueSpecification","valueRequired":true,"valueName":"search_term_string"}}],"inLanguage":"es"},{"@type":"Organization","@id":"https:\/\/filharmonia.digital\/es\/#organization","name":"Filharmonia\/dh","url":"https:\/\/filharmonia.digital\/es\/","logo":{"@type":"ImageObject","inLanguage":"es","@id":"https:\/\/filharmonia.digital\/es\/#\/schema\/logo\/image\/","url":"https:\/\/filharmonia.digital\/wp-content\/uploads\/2021\/09\/filharmonia-logo_desktop.svg","contentUrl":"https:\/\/filharmonia.digital\/wp-content\/uploads\/2021\/09\/filharmonia-logo_desktop.svg","width":100,"height":100,"caption":"Filharmonia\/dh"},"image":{"@id":"https:\/\/filharmonia.digital\/es\/#\/schema\/logo\/image\/"},"sameAs":["https:\/\/www.facebook.com\/fschubertfilh\/","https:\/\/x.com\/fschubertfilh","https:\/\/www.instagram.com\/fschubertfilh\/","https:\/\/www.linkedin.com\/company\/42889654","https:\/\/www.youtube.com\/orquestraOCM"]}]}},"_links":{"self":[{"href":"https:\/\/filharmonia.digital\/es\/wp-json\/wp\/v2\/pages\/4730"}],"collection":[{"href":"https:\/\/filharmonia.digital\/es\/wp-json\/wp\/v2\/pages"}],"about":[{"href":"https:\/\/filharmonia.digital\/es\/wp-json\/wp\/v2\/types\/page"}],"author":[{"embeddable":true,"href":"https:\/\/filharmonia.digital\/es\/wp-json\/wp\/v2\/users\/1"}],"replies":[{"embeddable":true,"href":"https:\/\/filharmonia.digital\/es\/wp-json\/wp\/v2\/comments?post=4730"}],"version-history":[{"count":0,"href":"https:\/\/filharmonia.digital\/es\/wp-json\/wp\/v2\/pages\/4730\/revisions"}],"wp:attachment":[{"href":"https:\/\/filharmonia.digital\/es\/wp-json\/wp\/v2\/media?parent=4730"}],"curies":[{"name":"wp","href":"https:\/\/api.w.org\/{rel}","templated":true}]}}