{"id":7868,"date":"2021-09-22T15:49:49","date_gmt":"2021-09-22T13:49:49","guid":{"rendered":"https:\/\/filharmonia.digital\/faqs\/"},"modified":"2021-10-10T14:28:00","modified_gmt":"2021-10-10T12:28:00","slug":"faqs","status":"publish","type":"page","link":"https:\/\/filharmonia.digital\/es\/faqs\/","title":{"rendered":"FAQs"},"content":{"rendered":"<hr \/>\n<h2><strong>1_REGISTRO<\/strong><\/h2>\n<p><strong>Donde voy para registrarme?<br \/>\n<\/strong>En la p\u00e1gina de <a href=\"https:\/\/filharmonia.digital\/profile\/\">registro o login<\/a>.<\/p>\n<p><strong>No encuentro el correo electr\u00f3nico para activar mi cuenta.<br \/>\n<\/strong>Quiz\u00e1s el correo te ha llegado a la carpeta de \u00abSpam\u00bb (Spam). Por favor haga un vistazo.<br \/>\nSi no se encuentra en la carpeta de \u00abSpam\u00bb quiz\u00e1s has escrito tu correo con alg\u00fan error tipogr\u00e1fico. Vuelve a mirar y en caso de error inicie el registro de nuevo.<\/p>\n<p><strong>Tengo que registrarme antes de suscribirme?<br \/>\n<\/strong>Si, debes registrarte para poder adquirir una suscripci\u00f3n a nuestra plataforma.<br \/>\nAl registrarte recibir\u00e1s un email donde podr\u00e1s activar tu cuenta. Una vez activado, podr\u00e1s iniciar sesi\u00f3n y acceder a la p\u00e1gina de tu perfil de usuario.<\/p>\n<p><strong>No puedo completar el formulario de inscripci\u00f3n.<br \/>\n<\/strong>Compruebe que su navegador est\u00e9 actualizado a la versi\u00f3n m\u00e1s reciente. El sitio est\u00e1 optimizado para Chrome, Firefox y Safari.<\/p>\n<p><strong>\u00bfC\u00f3mo puedo eliminar mi cuenta?<br \/>\n<\/strong>Puede eliminar su cuenta vosotros mismos desde tu sesi\u00f3n perfil que cre\u00f3.<\/p>\n<hr \/>\n<h2>2_COMPRAS<\/h2>\n<p><strong>Como puedo ver la confirmaci\u00f3n de que me he suscrito con \u00e9xito?<br \/>\n<\/strong>Puede encontrar los datos sobre sus suscripciones a la p\u00e1gina de su perfil de usuario.<\/p>\n<p><strong>Puedo recibir una factura por compra de mi suscripci\u00f3n?<br \/>\n<\/strong>Puede pedir la factura de su compra enviando un correo a <a href=\"mailto:info@filharmonia.digital\">info@filharmonia.digital<\/a>.<\/p>\n<p><strong>Puedo recibir un correo electr\u00f3nico de confirmaci\u00f3n despu\u00e9s de la compra?<br \/>\n<\/strong>Si, recibir\u00e1 un correo con la confirmaci\u00f3n de que su compra se ha hecho correctamente. Tambi\u00e9n en la p\u00e1gina de su perfil de usuario encontrar\u00e1 la informaci\u00f3n sobre su compra y el enlace al panel de actividad.<\/p>\n<p><strong>Con qu\u00e9 m\u00e9todos puedo utilizar para pagar?<br \/>\n<\/strong>Actualmente la Filharmonia\/dh acepta el uso de la mayor\u00eda de las principales tarjetas de cr\u00e9dito (Mastercard, VISA, American Express).<\/p>\n<p><strong>Se transmiten datos de forma segura?<br \/>\n<\/strong>Sus datos personales (como el n\u00famero de tarjeta de cr\u00e9dito o el n\u00famero de su cuenta bancaria) son cifrados antes de ser transferidos. Sus datos no son almacenados por nosotros y no son visibles a terceros. El cifrado convierte los caracteres que introduce en un c\u00f3digo que puede transmitir con seguridad a trav\u00e9s de Internet.<\/p>\n<hr \/>\n<h2>3_ SUSCRIPCI\u00d3N<\/h2>\n<p><strong>C\u00f3mo me suscribo?<br \/>\n<\/strong>Para conseguir tu suscripci\u00f3n a seguir tres sencillos pasos:<\/p>\n<ol>\n<li>Hacer click en <a href=\"https:\/\/filharmonia.digital\/\/checkout\/?add-to-cart=7527\">SUSCRIBIRSE AHORA<\/a>.<\/li>\n<li>Acceder como usuario (si no has hecho login) o crear un usuario a\u00f1adiendo tus datos personales. En este paso tambi\u00e9n debes rellenar los datos de tu tarjeta de cr\u00e9dito \/ d\u00e9bito para hacer la compra y finalmente, aceptar los T\u00e9rminos y condiciones.<\/li>\n<li>Hacer click en <em>COMPRAR AHORA<\/em>.<\/li>\n<\/ol>\n<p><strong>\u00bfCu\u00e1l es el modelo de suscripci\u00f3n?<br \/>\n<\/strong>La plataforma Filharmonia\/dh funciona mediante el modelo de suscripci\u00f3n anual con un mes de prueba gratuito que te permitir\u00e1 disfrutar de todos los contenidos.<\/p>\n<p>Una vez adquirida la suscripci\u00f3n, tienes acceso a la plataforma inmediatamente y aceptas que si no cancela antes de que finalice mi prueba, se te cobrar\u00e1 autom\u00e1ticamente la tarifa de suscripci\u00f3n anual completa, a menos que canceles antes de la finalizaci\u00f3n del mes de prueba. Al enviar mi informaci\u00f3n de pago, confirmas que has le\u00eddo y aceptado todos los t\u00e9rminos.<\/p>\n<p><strong>\u00bfC\u00f3mo puedo cancelar mi suscripci\u00f3n?<br \/>\n<\/strong>Puedes cancelar tu suscripci\u00f3n desde tu perfil de usuario.<\/p>\n<hr \/>\n<h2>4_CALIDAD DE TRANSMISI\u00d3N<\/h2>\n<p><strong>\u00bfQu\u00e9 velocidad de internet necesito para Filharmonia\/dh?<br \/>\n<\/strong>Le recomendamos que la conexi\u00f3n sea m\u00ednimamente estable a 6 Mbps.<\/p>\n<p>Tenga en cuenta que, si otros dispositivos comparten su conexi\u00f3n, es posible que hagan descargas autom\u00e1ticas al tiempo que reproduce un v\u00eddeo desde la Filharmonia\/dh, aunque no los haya abierto con ninguna acci\u00f3n. Esto puede provocar que el flujo de v\u00eddeo de la Filharmonia\/dh no reciba suficiente ancho de banda para una experiencia de transmisi\u00f3n estable.<\/p>\n<p><strong>La calidad de la transmisi\u00f3n parece variar y, a veces, tiembla o incluso hace pausas.<\/strong><\/p>\n<p>Si no hay ning\u00fan otro dispositivo que comparta el ancho de banda personal, tenga en cuenta que nuestro sistema comienza cada sesi\u00f3n enviando un flujo de muy baja calidad mientras verifica la capacidad de descarga de la conexi\u00f3n individual. Esto har\u00e1 que la imagen se vea borrosa a las pantallas m\u00e1s grandes, pero s\u00f3lo durar\u00e1 unos segundos. Una vez establecido el ancho de banda de su conexi\u00f3n, nuestro sistema elige la variante de m\u00e1xima calidad entre m\u00faltiples cualidades que se adaptan a su conexi\u00f3n.<\/p>\n<p>Si se produce un cambio en la velocidad de Internet del dispositivo, nuestro sistema reducir\u00e1 la calidad de la transmisi\u00f3n hasta que note que la velocidad de Internet es mejor. Si transmita el v\u00eddeo en una pantalla grande, la imagen puede parecer difusa durante este periodo.<\/p>\n<p>Incluso es posible que, mientras se reproduce en alta calidad, la velocidad de Internet en el dispositivo se reduzca de manera inesperada, de manera tan dr\u00e1stica que nuestro servidor no pueda cambiar a una calidad inferior bastante r\u00e1pidamente como para mantener un flujo fluido. En este caso, experimentar\u00e9is un parpadeo o incluso una pausa corta, mientras que nuestro sistema pasa a una transmisi\u00f3n temporal de menor calidad.<\/p>\n<hr \/>\n<h2>5_VISUALIZAR<\/h2>\n<p><strong>Puedo disfrutar de los conciertos en un tel\u00e9fono inteligente, tableta, ordenador o televisor?<br \/>\n<\/strong>S\u00ed, este son los dispositivos compatibles:<\/p>\n<ul>\n<li>Smartphone y tabletas: ya sean Android o iOS, con las \u00faltimas versiones de las aplicaciones Safari o Google Chrome<\/li>\n<li>Ordenador: ya sea PC o Mac, con las \u00faltimas versiones de Chrome, Firefox o Safari<\/li>\n<li>Televisor: para maximizar su experiencia, le recomendamos ver los conciertos en una gran pantalla. Puede conectar el dispositivo m\u00f3vil en la pantalla del televisor con Google Chromecast o Apple TV. Tambi\u00e9n puede conectar el ordenador al televisor con un cable HDMI<\/li>\n<\/ul>\n<p><strong>Puedo encontrar Filarmon\u00eda digital hall en otros portales de transmisi\u00f3n?<br \/>\n<\/strong>Actualmente, Filharmonia\/dh es un producto exclusivo de la Franz Schubert Filarmon\u00eda y s\u00f3lo est\u00e1 disponible en nuestra plataforma digital.<\/p>\n<hr \/>\n<h2>6_M\u00c1S PREGUNTAS?<\/h2>\n<p><strong>D\u00f3nde puedo contactar para hacer otras preguntas?<br \/>\n<\/strong>Puedes hacer cualquier consulta a: <a href=\"mailto:info@filharmonia.digital\">info@filharmonia.digital<\/a><\/p>\n<p><strong>Hay un concierto de prueba?<\/strong><br \/>\nPara demostrar la calidad de la Filharmonia\/dh, ofrecemos <a href=\"https:\/\/filharmonia.digital\/concert\/beethoven-symphony-no-5-op-67\/\">aqu\u00ed<\/a> un concierto de prueba. Sin embargo, puede disfrutar de todos los conciertos seleccionados de forma gratuita.<\/p>\n","protected":false},"excerpt":{"rendered":"<p>1_REGISTRO Donde voy para registrarme? En la p\u00e1gina de registro o login. No encuentro el correo electr\u00f3nico para activar mi cuenta. Quiz\u00e1s el correo te ha llegado a la carpeta de \u00abSpam\u00bb (Spam). Por favor haga un vistazo. Si no se encuentra en la carpeta de \u00abSpam\u00bb quiz\u00e1s has escrito tu correo con alg\u00fan error [&hellip;]<\/p>\n","protected":false},"author":1,"featured_media":0,"parent":0,"menu_order":0,"comment_status":"closed","ping_status":"closed","template":"","meta":{"_acf_changed":false,"inline_featured_image":false,"footnotes":""},"class_list":["post-7868","page","type-page","status-publish","hentry"],"acf":[],"yoast_head":"<!-- This site is optimized with the Yoast SEO plugin v25.6 - https:\/\/yoast.com\/wordpress\/plugins\/seo\/ -->\n<title>FAQs - Filharmonia Digital Hall<\/title>\n<meta name=\"robots\" content=\"index, follow, max-snippet:-1, max-image-preview:large, max-video-preview:-1\" \/>\n<link rel=\"canonical\" href=\"https:\/\/filharmonia.digital\/es\/faqs\/\" \/>\n<meta property=\"og:locale\" content=\"es_ES\" \/>\n<meta property=\"og:type\" content=\"article\" \/>\n<meta property=\"og:title\" content=\"FAQs - Filharmonia Digital Hall\" \/>\n<meta property=\"og:description\" content=\"1_REGISTRO Donde voy para registrarme? En la p\u00e1gina de registro o login. No encuentro el correo electr\u00f3nico para activar mi cuenta. Quiz\u00e1s el correo te ha llegado a la carpeta de \u00abSpam\u00bb (Spam). Por favor haga un vistazo. Si no se encuentra en la carpeta de \u00abSpam\u00bb quiz\u00e1s has escrito tu correo con alg\u00fan error [&hellip;]\" \/>\n<meta property=\"og:url\" content=\"https:\/\/filharmonia.digital\/es\/faqs\/\" \/>\n<meta property=\"og:site_name\" content=\"Filharmonia Digital Hall\" \/>\n<meta property=\"article:publisher\" content=\"https:\/\/www.facebook.com\/fschubertfilh\/\" \/>\n<meta property=\"article:modified_time\" content=\"2021-10-10T12:28:00+00:00\" \/>\n<meta name=\"twitter:card\" content=\"summary_large_image\" \/>\n<meta name=\"twitter:site\" content=\"@fschubertfilh\" \/>\n<meta name=\"twitter:label1\" content=\"Tiempo de lectura\" \/>\n\t<meta name=\"twitter:data1\" content=\"5 minutos\" \/>\n<script type=\"application\/ld+json\" class=\"yoast-schema-graph\">{\"@context\":\"https:\/\/schema.org\",\"@graph\":[{\"@type\":\"WebPage\",\"@id\":\"https:\/\/filharmonia.digital\/es\/faqs\/\",\"url\":\"https:\/\/filharmonia.digital\/es\/faqs\/\",\"name\":\"FAQs - Filharmonia Digital Hall\",\"isPartOf\":{\"@id\":\"https:\/\/filharmonia.digital\/es\/#website\"},\"datePublished\":\"2021-09-22T13:49:49+00:00\",\"dateModified\":\"2021-10-10T12:28:00+00:00\",\"breadcrumb\":{\"@id\":\"https:\/\/filharmonia.digital\/es\/faqs\/#breadcrumb\"},\"inLanguage\":\"es\",\"potentialAction\":[{\"@type\":\"ReadAction\",\"target\":[\"https:\/\/filharmonia.digital\/es\/faqs\/\"]}]},{\"@type\":\"BreadcrumbList\",\"@id\":\"https:\/\/filharmonia.digital\/es\/faqs\/#breadcrumb\",\"itemListElement\":[{\"@type\":\"ListItem\",\"position\":1,\"name\":\"Home\",\"item\":\"https:\/\/filharmonia.digital\/es\/\"},{\"@type\":\"ListItem\",\"position\":2,\"name\":\"FAQs\"}]},{\"@type\":\"WebSite\",\"@id\":\"https:\/\/filharmonia.digital\/es\/#website\",\"url\":\"https:\/\/filharmonia.digital\/es\/\",\"name\":\"Filharmonia Digital Hall\",\"description\":\"\",\"publisher\":{\"@id\":\"https:\/\/filharmonia.digital\/es\/#organization\"},\"potentialAction\":[{\"@type\":\"SearchAction\",\"target\":{\"@type\":\"EntryPoint\",\"urlTemplate\":\"https:\/\/filharmonia.digital\/es\/?s={search_term_string}\"},\"query-input\":{\"@type\":\"PropertyValueSpecification\",\"valueRequired\":true,\"valueName\":\"search_term_string\"}}],\"inLanguage\":\"es\"},{\"@type\":\"Organization\",\"@id\":\"https:\/\/filharmonia.digital\/es\/#organization\",\"name\":\"Filharmonia\/dh\",\"url\":\"https:\/\/filharmonia.digital\/es\/\",\"logo\":{\"@type\":\"ImageObject\",\"inLanguage\":\"es\",\"@id\":\"https:\/\/filharmonia.digital\/es\/#\/schema\/logo\/image\/\",\"url\":\"https:\/\/filharmonia.digital\/wp-content\/uploads\/2021\/09\/filharmonia-logo_desktop.svg\",\"contentUrl\":\"https:\/\/filharmonia.digital\/wp-content\/uploads\/2021\/09\/filharmonia-logo_desktop.svg\",\"width\":100,\"height\":100,\"caption\":\"Filharmonia\/dh\"},\"image\":{\"@id\":\"https:\/\/filharmonia.digital\/es\/#\/schema\/logo\/image\/\"},\"sameAs\":[\"https:\/\/www.facebook.com\/fschubertfilh\/\",\"https:\/\/x.com\/fschubertfilh\",\"https:\/\/www.instagram.com\/fschubertfilh\/\",\"https:\/\/www.linkedin.com\/company\/42889654\",\"https:\/\/www.youtube.com\/orquestraOCM\"]}]}<\/script>\n<!-- \/ Yoast SEO plugin. -->","yoast_head_json":{"title":"FAQs - Filharmonia Digital Hall","robots":{"index":"index","follow":"follow","max-snippet":"max-snippet:-1","max-image-preview":"max-image-preview:large","max-video-preview":"max-video-preview:-1"},"canonical":"https:\/\/filharmonia.digital\/es\/faqs\/","og_locale":"es_ES","og_type":"article","og_title":"FAQs - Filharmonia Digital Hall","og_description":"1_REGISTRO Donde voy para registrarme? En la p\u00e1gina de registro o login. No encuentro el correo electr\u00f3nico para activar mi cuenta. Quiz\u00e1s el correo te ha llegado a la carpeta de \u00abSpam\u00bb (Spam). Por favor haga un vistazo. Si no se encuentra en la carpeta de \u00abSpam\u00bb quiz\u00e1s has escrito tu correo con alg\u00fan error [&hellip;]","og_url":"https:\/\/filharmonia.digital\/es\/faqs\/","og_site_name":"Filharmonia Digital Hall","article_publisher":"https:\/\/www.facebook.com\/fschubertfilh\/","article_modified_time":"2021-10-10T12:28:00+00:00","twitter_card":"summary_large_image","twitter_site":"@fschubertfilh","twitter_misc":{"Tiempo de lectura":"5 minutos"},"schema":{"@context":"https:\/\/schema.org","@graph":[{"@type":"WebPage","@id":"https:\/\/filharmonia.digital\/es\/faqs\/","url":"https:\/\/filharmonia.digital\/es\/faqs\/","name":"FAQs - Filharmonia Digital Hall","isPartOf":{"@id":"https:\/\/filharmonia.digital\/es\/#website"},"datePublished":"2021-09-22T13:49:49+00:00","dateModified":"2021-10-10T12:28:00+00:00","breadcrumb":{"@id":"https:\/\/filharmonia.digital\/es\/faqs\/#breadcrumb"},"inLanguage":"es","potentialAction":[{"@type":"ReadAction","target":["https:\/\/filharmonia.digital\/es\/faqs\/"]}]},{"@type":"BreadcrumbList","@id":"https:\/\/filharmonia.digital\/es\/faqs\/#breadcrumb","itemListElement":[{"@type":"ListItem","position":1,"name":"Home","item":"https:\/\/filharmonia.digital\/es\/"},{"@type":"ListItem","position":2,"name":"FAQs"}]},{"@type":"WebSite","@id":"https:\/\/filharmonia.digital\/es\/#website","url":"https:\/\/filharmonia.digital\/es\/","name":"Filharmonia Digital Hall","description":"","publisher":{"@id":"https:\/\/filharmonia.digital\/es\/#organization"},"potentialAction":[{"@type":"SearchAction","target":{"@type":"EntryPoint","urlTemplate":"https:\/\/filharmonia.digital\/es\/?s={search_term_string}"},"query-input":{"@type":"PropertyValueSpecification","valueRequired":true,"valueName":"search_term_string"}}],"inLanguage":"es"},{"@type":"Organization","@id":"https:\/\/filharmonia.digital\/es\/#organization","name":"Filharmonia\/dh","url":"https:\/\/filharmonia.digital\/es\/","logo":{"@type":"ImageObject","inLanguage":"es","@id":"https:\/\/filharmonia.digital\/es\/#\/schema\/logo\/image\/","url":"https:\/\/filharmonia.digital\/wp-content\/uploads\/2021\/09\/filharmonia-logo_desktop.svg","contentUrl":"https:\/\/filharmonia.digital\/wp-content\/uploads\/2021\/09\/filharmonia-logo_desktop.svg","width":100,"height":100,"caption":"Filharmonia\/dh"},"image":{"@id":"https:\/\/filharmonia.digital\/es\/#\/schema\/logo\/image\/"},"sameAs":["https:\/\/www.facebook.com\/fschubertfilh\/","https:\/\/x.com\/fschubertfilh","https:\/\/www.instagram.com\/fschubertfilh\/","https:\/\/www.linkedin.com\/company\/42889654","https:\/\/www.youtube.com\/orquestraOCM"]}]}},"_links":{"self":[{"href":"https:\/\/filharmonia.digital\/es\/wp-json\/wp\/v2\/pages\/7868"}],"collection":[{"href":"https:\/\/filharmonia.digital\/es\/wp-json\/wp\/v2\/pages"}],"about":[{"href":"https:\/\/filharmonia.digital\/es\/wp-json\/wp\/v2\/types\/page"}],"author":[{"embeddable":true,"href":"https:\/\/filharmonia.digital\/es\/wp-json\/wp\/v2\/users\/1"}],"replies":[{"embeddable":true,"href":"https:\/\/filharmonia.digital\/es\/wp-json\/wp\/v2\/comments?post=7868"}],"version-history":[{"count":0,"href":"https:\/\/filharmonia.digital\/es\/wp-json\/wp\/v2\/pages\/7868\/revisions"}],"wp:attachment":[{"href":"https:\/\/filharmonia.digital\/es\/wp-json\/wp\/v2\/media?parent=7868"}],"curies":[{"name":"wp","href":"https:\/\/api.w.org\/{rel}","templated":true}]}}